{"id":100401,"date":"2024-05-30T11:27:26","date_gmt":"2024-05-30T09:27:26","guid":{"rendered":"https:\/\/pop-co.fr\/index.php\/product\/sonny-angel-hippers-serie-1-figurine-mystere\/"},"modified":"2025-06-28T12:39:12","modified_gmt":"2025-06-28T10:39:12","slug":"sonny-angel-hippers-serie-1-figurine-mystere","status":"publish","type":"product","link":"https:\/\/pop-co.fr\/index.php\/product\/sonny-angel-hippers-serie-1-figurine-mystere\/","title":{"rendered":"SONNY ANGEL &#8211; Hippers collection animals &#8211; Figurine myst\u00e8re"},"content":{"rendered":"<p>*ATTENTION PRODUIT AL\u00c9ATOIRE NE POUVANT \u00caTRE RETOURN\u00c9*<br \/>\nx1 Figurine PVC 7-10cm<br \/>\nProduit limit\u00e9 \u00e0 1 bo\u00eete en ligne.<\/p>\n<p>D\u00e9couvrez la s\u00e9rie Sonny Angels Hippers Animaux !<\/p>\n<p>Ces adorables figurines repr\u00e9sentent des animaux. Elles se collent sur ton ordinateur portable, ton bureau, ton t\u00e9l\u00e9phone, ta biblioth\u00e8que et bien plus encore ! <\/p>\n<p>La taille des Sonny Angel Hippers est similaire \u00e0 celle des Sonny Angel classique. Vous pouvez accrocher les Sonny Angel Hippers sur n&rsquo;importe quelle surface plane \u00e0 l&rsquo;aide de la bande adh\u00e9sive int\u00e9gr\u00e9e.<\/p>\n","protected":false},"excerpt":{"rendered":"<p>*ATTENTION PRODUIT AL\u00c9ATOIRE NE POUVANT \u00caTRE RETOURN\u00c9* x1 Figurine PVC 7-10cm Produit limit\u00e9 \u00e0 1 bo\u00eete en ligne. D\u00e9couvrez la s\u00e9rie Sonny Angels Hippers Animaux ! Ces adorables figurines repr\u00e9sentent des animaux. Elles se collent sur ton ordinateur portable, ton bureau, ton t\u00e9l\u00e9phone, ta biblioth\u00e8que et bien plus encore ! La taille des Sonny Angel [&hellip;]<\/p>\n","protected":false},"featured_media":348055,"comment_status":"open","ping_status":"closed","template":"","meta":[],"product_cat":[39,67],"product_tag":[],"aioseo_notices":[],"jetpack_sharing_enabled":true,"_links":{"self":[{"href":"https:\/\/pop-co.fr\/index.php\/wp-json\/wp\/v2\/product\/100401"}],"collection":[{"href":"https:\/\/pop-co.fr\/index.php\/wp-json\/wp\/v2\/product"}],"about":[{"href":"https:\/\/pop-co.fr\/index.php\/wp-json\/wp\/v2\/types\/product"}],"replies":[{"embeddable":true,"href":"https:\/\/pop-co.fr\/index.php\/wp-json\/wp\/v2\/comments?post=100401"}],"version-history":[{"count":1,"href":"https:\/\/pop-co.fr\/index.php\/wp-json\/wp\/v2\/product\/100401\/revisions"}],"predecessor-version":[{"id":101372,"href":"https:\/\/pop-co.fr\/index.php\/wp-json\/wp\/v2\/product\/100401\/revisions\/101372"}],"wp:featuredmedia":[{"embeddable":true,"href":"https:\/\/pop-co.fr\/index.php\/wp-json\/wp\/v2\/media\/348055"}],"wp:attachment":[{"href":"https:\/\/pop-co.fr\/index.php\/wp-json\/wp\/v2\/media?parent=100401"}],"wp:term":[{"taxonomy":"product_cat","embeddable":true,"href":"https:\/\/pop-co.fr\/index.php\/wp-json\/wp\/v2\/product_cat?post=100401"},{"taxonomy":"product_tag","embeddable":true,"href":"https:\/\/pop-co.fr\/index.php\/wp-json\/wp\/v2\/product_tag?post=100401"}],"curies":[{"name":"wp","href":"https:\/\/api.w.org\/{rel}","templated":true}]}}