{"id":100405,"date":"2024-05-30T11:27:35","date_gmt":"2024-05-30T09:27:35","guid":{"rendered":"https:\/\/pop-co.fr\/index.php\/product\/sonny-angel-hippers-collection-looking-back-figurine-mystere\/"},"modified":"2025-06-28T12:39:13","modified_gmt":"2025-06-28T10:39:13","slug":"sonny-angel-hippers-collection-looking-back-figurine-mystere","status":"publish","type":"product","link":"https:\/\/pop-co.fr\/index.php\/product\/sonny-angel-hippers-collection-looking-back-figurine-mystere\/","title":{"rendered":"SONNY ANGEL &#8211; Hippers collection looking back &#8211; Figurine myst\u00e8re"},"content":{"rendered":"<p>*ATTENTION PRODUIT AL\u00c9ATOIRE NE POUVANT \u00caTRE RETOURN\u00c9*<br \/>\nx1 Figurine PVC 7-10cm<br \/>\nProduit limit\u00e9 \u00e0 1 bo\u00eete en ligne.<br \/>\nA l&rsquo;occasion du 20 \u00e8me anniversaire des Sonny Angel, d\u00e9couvrez la nouvelle s\u00e9rie Sonny Angel hippers looking back !<\/p>\n","protected":false},"excerpt":{"rendered":"<p>*ATTENTION PRODUIT AL\u00c9ATOIRE NE POUVANT \u00caTRE RETOURN\u00c9* x1 Figurine PVC 7-10cm Produit limit\u00e9 \u00e0 1 bo\u00eete en ligne. A l&rsquo;occasion du 20 \u00e8me anniversaire des Sonny Angel, d\u00e9couvrez la nouvelle s\u00e9rie Sonny Angel hippers looking back !<\/p>\n","protected":false},"featured_media":346641,"comment_status":"open","ping_status":"closed","template":"","meta":[],"product_cat":[39,67],"product_tag":[],"aioseo_notices":[],"jetpack_sharing_enabled":true,"_links":{"self":[{"href":"https:\/\/pop-co.fr\/index.php\/wp-json\/wp\/v2\/product\/100405"}],"collection":[{"href":"https:\/\/pop-co.fr\/index.php\/wp-json\/wp\/v2\/product"}],"about":[{"href":"https:\/\/pop-co.fr\/index.php\/wp-json\/wp\/v2\/types\/product"}],"replies":[{"embeddable":true,"href":"https:\/\/pop-co.fr\/index.php\/wp-json\/wp\/v2\/comments?post=100405"}],"version-history":[{"count":0,"href":"https:\/\/pop-co.fr\/index.php\/wp-json\/wp\/v2\/product\/100405\/revisions"}],"wp:featuredmedia":[{"embeddable":true,"href":"https:\/\/pop-co.fr\/index.php\/wp-json\/wp\/v2\/media\/346641"}],"wp:attachment":[{"href":"https:\/\/pop-co.fr\/index.php\/wp-json\/wp\/v2\/media?parent=100405"}],"wp:term":[{"taxonomy":"product_cat","embeddable":true,"href":"https:\/\/pop-co.fr\/index.php\/wp-json\/wp\/v2\/product_cat?post=100405"},{"taxonomy":"product_tag","embeddable":true,"href":"https:\/\/pop-co.fr\/index.php\/wp-json\/wp\/v2\/product_tag?post=100405"}],"curies":[{"name":"wp","href":"https:\/\/api.w.org\/{rel}","templated":true}]}}