{"id":10219,"date":"2024-02-20T20:54:15","date_gmt":"2024-02-20T19:54:15","guid":{"rendered":"https:\/\/pop-co.fr\/index.php\/product\/papertoy-pokemon-pikachu\/"},"modified":"2025-06-28T14:50:01","modified_gmt":"2025-06-28T12:50:01","slug":"papertoy-pokemon-pikachu","status":"publish","type":"product","link":"https:\/\/pop-co.fr\/index.php\/product\/papertoy-pokemon-pikachu\/","title":{"rendered":"PAPERTOY &#8211; POKEMON &#8211; Pikachu tome 1"},"content":{"rendered":"<p>Le Pok\u00e9mon le plus c\u00e9l\u00e8bre de la cr\u00e9ation d\u00e9barque en papertoy !<br \/>\nSuivez les instructions et construisez facilement votre Pikachu. Gr\u00e2ce \u00e0 un pas \u00e0 pas simple et complet en photos, fabriquez vous-m\u00eame votre Pok\u00e9mon pr\u00e9f\u00e9r\u00e9.<br \/>\nTout est inclus, il ne vous reste plus qu\u2019\u00e0 devenir le meilleur des Dresseurs !<\/p>\n","protected":false},"excerpt":{"rendered":"<p>Le Pok\u00e9mon le plus c\u00e9l\u00e8bre de la cr\u00e9ation d\u00e9barque en papertoy ! Suivez les instructions et construisez facilement votre Pikachu. Gr\u00e2ce \u00e0 un pas \u00e0 pas simple et complet en photos, fabriquez vous-m\u00eame votre Pok\u00e9mon pr\u00e9f\u00e9r\u00e9. Tout est inclus, il ne vous reste plus qu\u2019\u00e0 devenir le meilleur des Dresseurs !<\/p>\n","protected":false},"featured_media":345088,"comment_status":"open","ping_status":"closed","template":"","meta":[],"product_cat":[34,20],"product_tag":[],"aioseo_notices":[],"jetpack_sharing_enabled":true,"_links":{"self":[{"href":"https:\/\/pop-co.fr\/index.php\/wp-json\/wp\/v2\/product\/10219"}],"collection":[{"href":"https:\/\/pop-co.fr\/index.php\/wp-json\/wp\/v2\/product"}],"about":[{"href":"https:\/\/pop-co.fr\/index.php\/wp-json\/wp\/v2\/types\/product"}],"replies":[{"embeddable":true,"href":"https:\/\/pop-co.fr\/index.php\/wp-json\/wp\/v2\/comments?post=10219"}],"version-history":[{"count":0,"href":"https:\/\/pop-co.fr\/index.php\/wp-json\/wp\/v2\/product\/10219\/revisions"}],"wp:featuredmedia":[{"embeddable":true,"href":"https:\/\/pop-co.fr\/index.php\/wp-json\/wp\/v2\/media\/345088"}],"wp:attachment":[{"href":"https:\/\/pop-co.fr\/index.php\/wp-json\/wp\/v2\/media?parent=10219"}],"wp:term":[{"taxonomy":"product_cat","embeddable":true,"href":"https:\/\/pop-co.fr\/index.php\/wp-json\/wp\/v2\/product_cat?post=10219"},{"taxonomy":"product_tag","embeddable":true,"href":"https:\/\/pop-co.fr\/index.php\/wp-json\/wp\/v2\/product_tag?post=10219"}],"curies":[{"name":"wp","href":"https:\/\/api.w.org\/{rel}","templated":true}]}}