{"id":10295,"date":"2024-02-20T20:55:34","date_gmt":"2024-02-20T19:55:34","guid":{"rendered":"https:\/\/pop-co.fr\/index.php\/product\/sac-a-dos-loungefly-disney-peter-pan-70eme-anniversaire-peter-pan\/"},"modified":"2025-07-29T10:39:52","modified_gmt":"2025-07-29T08:39:52","slug":"sac-a-dos-loungefly-disney-peter-pan-70eme-anniversaire-peter-pan","status":"publish","type":"product","link":"https:\/\/pop-co.fr\/index.php\/product\/sac-a-dos-loungefly-disney-peter-pan-70eme-anniversaire-peter-pan\/","title":{"rendered":"SAC A DOS LOUNGEFLY &#8211; DISNEY &#8211; Peter Pan (70eme anniversaire Peter Pan)"},"content":{"rendered":"<p>C\u00e9l\u00e9brez le 70e anniversaire du film Peter Pan de Disney avec cette collection magique ! <\/p>\n<p>Dans le film de 1953, Wendy Darling et ses deux fr\u00e8res sont \u00e9merveill\u00e9s lorsqu&rsquo;un gar\u00e7on magique nomm\u00e9 Peter Pan s&rsquo;envole dans leur chambre \u00e0 la poursuite de son ombre rebelle. Enchant\u00e9s, les fr\u00e8res et s\u0153urs le suivent, lui et son amie la f\u00e9e Clochette, au Pays Imaginaire, o\u00f9 les enfants restent perp\u00e9tuellement jeunes. Lorsque l&rsquo;ennemi jur\u00e9 de Pan, le pirate Capitaine Crochet, s\u00e8me le trouble, les Darlings commencent \u00e0 regretter leur ancienne vie.<\/p>\n<p>Cet accessoire vous fera penser aux choses les plus heureuses ! Dans la chambre d&rsquo;enfant des Darlings, Wendy, John et Michael se pr\u00e9parent \u00e0 vivre une aventure magique. De la poussi\u00e8re de lutin en feuille d&rsquo;or tombe doucement sur eux depuis le ciel, o\u00f9 Peter Pan leur apprend \u00e0 voler avec l&rsquo;aide de la f\u00e9e Clochette. Tournez le sac pour voir d&rsquo;autres poussi\u00e8res de lutin brillantes appara\u00eetre sur les poches avant et lat\u00e9rales du sac, tandis que Michael saupoudre Nana de poussi\u00e8re de lutin au dos.<\/p>\n<p>Caract\u00e9ristiques du produit :<\/p>\n<p>Faux cuir<br \/>\nBretelles r\u00e9glables<br \/>\nAppliques et broderies<br \/>\nD\u00e9tails imprim\u00e9s<\/p>\n","protected":false},"excerpt":{"rendered":"<p>C\u00e9l\u00e9brez le 70e anniversaire du film Peter Pan de Disney avec cette collection magique ! Dans le film de 1953, Wendy Darling et ses deux fr\u00e8res sont \u00e9merveill\u00e9s lorsqu&rsquo;un gar\u00e7on magique nomm\u00e9 Peter Pan s&rsquo;envole dans leur chambre \u00e0 la poursuite de son ombre rebelle. Enchant\u00e9s, les fr\u00e8res et s\u0153urs le suivent, lui et son [&hellip;]<\/p>\n","protected":false},"featured_media":355593,"comment_status":"open","ping_status":"closed","template":"","meta":[],"product_cat":[47,48],"product_tag":[],"aioseo_notices":[],"jetpack_sharing_enabled":true,"_links":{"self":[{"href":"https:\/\/pop-co.fr\/index.php\/wp-json\/wp\/v2\/product\/10295"}],"collection":[{"href":"https:\/\/pop-co.fr\/index.php\/wp-json\/wp\/v2\/product"}],"about":[{"href":"https:\/\/pop-co.fr\/index.php\/wp-json\/wp\/v2\/types\/product"}],"replies":[{"embeddable":true,"href":"https:\/\/pop-co.fr\/index.php\/wp-json\/wp\/v2\/comments?post=10295"}],"version-history":[{"count":0,"href":"https:\/\/pop-co.fr\/index.php\/wp-json\/wp\/v2\/product\/10295\/revisions"}],"wp:featuredmedia":[{"embeddable":true,"href":"https:\/\/pop-co.fr\/index.php\/wp-json\/wp\/v2\/media\/355593"}],"wp:attachment":[{"href":"https:\/\/pop-co.fr\/index.php\/wp-json\/wp\/v2\/media?parent=10295"}],"wp:term":[{"taxonomy":"product_cat","embeddable":true,"href":"https:\/\/pop-co.fr\/index.php\/wp-json\/wp\/v2\/product_cat?post=10295"},{"taxonomy":"product_tag","embeddable":true,"href":"https:\/\/pop-co.fr\/index.php\/wp-json\/wp\/v2\/product_tag?post=10295"}],"curies":[{"name":"wp","href":"https:\/\/api.w.org\/{rel}","templated":true}]}}