{"id":103161,"date":"2024-06-03T14:00:17","date_gmt":"2024-06-03T12:00:17","guid":{"rendered":"https:\/\/pop-co.fr\/index.php\/product\/boule-a-neige-disney-ariel-la-petite-sirene-2\/"},"modified":"2025-06-28T12:57:17","modified_gmt":"2025-06-28T10:57:17","slug":"boule-a-neige-disney-ariel-la-petite-sirene-2","status":"publish","type":"product","link":"https:\/\/pop-co.fr\/index.php\/product\/boule-a-neige-disney-ariel-la-petite-sirene-2\/","title":{"rendered":"BOULE A NEIGE &#8211; DISNEY &#8211; Ariel (La petite sir\u00e8ne)"},"content":{"rendered":"<p>Cette boule \u00e0 neige Disney amusante comprend une magnifique figurine d&rsquo;Ariel orn\u00e9e de paillettes vertes, ainsi que la phrase \u00ab Part of Your World \u00bb en lettres argent\u00e9es et dans une magnifique police de caract\u00e8res. Ce serait un excellent cadeau pour tous les petits fans d&rsquo;Ariel de votre vie.<\/p>\n<p>D\u00e9tails : <\/p>\n<p>Boule \u00e0 neige Disney Ariel verte<br \/>\nFigurine Ariel<br \/>\nCitation \u00ab Sur le coup de minuit \u00bb<\/p>\n","protected":false},"excerpt":{"rendered":"<p>Cette boule \u00e0 neige Disney amusante comprend une magnifique figurine d&rsquo;Ariel orn\u00e9e de paillettes vertes, ainsi que la phrase \u00ab Part of Your World \u00bb en lettres argent\u00e9es et dans une magnifique police de caract\u00e8res. Ce serait un excellent cadeau pour tous les petits fans d&rsquo;Ariel de votre vie. D\u00e9tails : Boule \u00e0 neige Disney [&hellip;]<\/p>\n","protected":false},"featured_media":148412,"comment_status":"open","ping_status":"closed","template":"","meta":[],"product_cat":[29],"product_tag":[],"aioseo_notices":[],"jetpack_sharing_enabled":true,"_links":{"self":[{"href":"https:\/\/pop-co.fr\/index.php\/wp-json\/wp\/v2\/product\/103161"}],"collection":[{"href":"https:\/\/pop-co.fr\/index.php\/wp-json\/wp\/v2\/product"}],"about":[{"href":"https:\/\/pop-co.fr\/index.php\/wp-json\/wp\/v2\/types\/product"}],"replies":[{"embeddable":true,"href":"https:\/\/pop-co.fr\/index.php\/wp-json\/wp\/v2\/comments?post=103161"}],"version-history":[{"count":0,"href":"https:\/\/pop-co.fr\/index.php\/wp-json\/wp\/v2\/product\/103161\/revisions"}],"wp:featuredmedia":[{"embeddable":true,"href":"https:\/\/pop-co.fr\/index.php\/wp-json\/wp\/v2\/media\/148412"}],"wp:attachment":[{"href":"https:\/\/pop-co.fr\/index.php\/wp-json\/wp\/v2\/media?parent=103161"}],"wp:term":[{"taxonomy":"product_cat","embeddable":true,"href":"https:\/\/pop-co.fr\/index.php\/wp-json\/wp\/v2\/product_cat?post=103161"},{"taxonomy":"product_tag","embeddable":true,"href":"https:\/\/pop-co.fr\/index.php\/wp-json\/wp\/v2\/product_tag?post=103161"}],"curies":[{"name":"wp","href":"https:\/\/api.w.org\/{rel}","templated":true}]}}