{"id":103164,"date":"2024-06-03T14:00:23","date_gmt":"2024-06-03T12:00:23","guid":{"rendered":"https:\/\/pop-co.fr\/index.php\/product\/boule-a-neige-disney-stitch-2\/"},"modified":"2025-06-28T12:05:50","modified_gmt":"2025-06-28T10:05:50","slug":"boule-a-neige-disney-stitch-2","status":"publish","type":"product","link":"https:\/\/pop-co.fr\/index.php\/product\/boule-a-neige-disney-stitch-2\/","title":{"rendered":"BOULE A NEIGE &#8211; DISNEY &#8211; Stitch"},"content":{"rendered":"<p>Un boule \u00e0 paillettes Stitch de DISNEY\u00ae.<\/p>\n<p>Cette boule d&rsquo;eau embl\u00e9matique capture la magie de Disney et peut \u00eatre appr\u00e9ci\u00e9e par les fans de tous \u00e2ges.<\/p>\n<p>La boule d&rsquo;eau est dot\u00e9e d&rsquo;un support d\u00e9coratif en r\u00e9sine bleue &#8211; avec le titre \u00ab\u00a0Stitch\u00a0\u00bb &#8211; sur lequel se trouve un globe en verre avec Stitch \u00e0 l&rsquo;int\u00e9rieur. Lorsqu&rsquo;on l&rsquo;agite, des paillettes bleues tombent sur le personnage embl\u00e9matique.<\/p>\n<p>La boule d&rsquo;eau est emball\u00e9e dans une bo\u00eete ferm\u00e9e \u00e0 impression 4c.<\/p>\n","protected":false},"excerpt":{"rendered":"<p>Un boule \u00e0 paillettes Stitch de DISNEY\u00ae. Cette boule d&rsquo;eau embl\u00e9matique capture la magie de Disney et peut \u00eatre appr\u00e9ci\u00e9e par les fans de tous \u00e2ges. La boule d&rsquo;eau est dot\u00e9e d&rsquo;un support d\u00e9coratif en r\u00e9sine bleue &#8211; avec le titre \u00ab\u00a0Stitch\u00a0\u00bb &#8211; sur lequel se trouve un globe en verre avec Stitch \u00e0 l&rsquo;int\u00e9rieur. [&hellip;]<\/p>\n","protected":false},"featured_media":347442,"comment_status":"open","ping_status":"closed","template":"","meta":[],"product_cat":[30],"product_tag":[],"aioseo_notices":[],"jetpack_sharing_enabled":true,"_links":{"self":[{"href":"https:\/\/pop-co.fr\/index.php\/wp-json\/wp\/v2\/product\/103164"}],"collection":[{"href":"https:\/\/pop-co.fr\/index.php\/wp-json\/wp\/v2\/product"}],"about":[{"href":"https:\/\/pop-co.fr\/index.php\/wp-json\/wp\/v2\/types\/product"}],"replies":[{"embeddable":true,"href":"https:\/\/pop-co.fr\/index.php\/wp-json\/wp\/v2\/comments?post=103164"}],"version-history":[{"count":0,"href":"https:\/\/pop-co.fr\/index.php\/wp-json\/wp\/v2\/product\/103164\/revisions"}],"wp:featuredmedia":[{"embeddable":true,"href":"https:\/\/pop-co.fr\/index.php\/wp-json\/wp\/v2\/media\/347442"}],"wp:attachment":[{"href":"https:\/\/pop-co.fr\/index.php\/wp-json\/wp\/v2\/media?parent=103164"}],"wp:term":[{"taxonomy":"product_cat","embeddable":true,"href":"https:\/\/pop-co.fr\/index.php\/wp-json\/wp\/v2\/product_cat?post=103164"},{"taxonomy":"product_tag","embeddable":true,"href":"https:\/\/pop-co.fr\/index.php\/wp-json\/wp\/v2\/product_tag?post=103164"}],"curies":[{"name":"wp","href":"https:\/\/api.w.org\/{rel}","templated":true}]}}