{"id":103177,"date":"2024-06-03T14:22:39","date_gmt":"2024-06-03T12:22:39","guid":{"rendered":"https:\/\/pop-co.fr\/index.php\/product\/suspension-disney-stitch\/"},"modified":"2025-07-29T11:52:15","modified_gmt":"2025-07-29T09:52:15","slug":"suspension-disney-stitch","status":"publish","type":"product","link":"https:\/\/pop-co.fr\/index.php\/product\/suspension-disney-stitch\/","title":{"rendered":"SUSPENSION &#8211; DISNEY &#8211; Stitch"},"content":{"rendered":"<p>Une plaque \u00e0 suspendre Stitch de DISNEY\u00ae.<\/p>\n<p>Cette plaque suspendue embl\u00e9matique capture la magie de Disney et peut \u00eatre appr\u00e9ci\u00e9e par les fans de tous \u00e2ges.<\/p>\n<p>La plaque en bois pr\u00e9sente une finition mate, ainsi qu&rsquo;une image imprim\u00e9e color\u00e9e de Stitch de Lilo &#038; Stitch. Il est con\u00e7u pour \u00eatre affich\u00e9 au mur \u00e0 l&rsquo;aide du ruban bleu ci-joint.<\/p>\n<p>La plaque est emball\u00e9e avec une \u00e9tiquette pivotante imprim\u00e9e en 4c.<\/p>\n","protected":false},"excerpt":{"rendered":"<p>Une plaque \u00e0 suspendre Stitch de DISNEY\u00ae. Cette plaque suspendue embl\u00e9matique capture la magie de Disney et peut \u00eatre appr\u00e9ci\u00e9e par les fans de tous \u00e2ges. La plaque en bois pr\u00e9sente une finition mate, ainsi qu&rsquo;une image imprim\u00e9e color\u00e9e de Stitch de Lilo &#038; Stitch. Il est con\u00e7u pour \u00eatre affich\u00e9 au mur \u00e0 l&rsquo;aide [&hellip;]<\/p>\n","protected":false},"featured_media":356460,"comment_status":"open","ping_status":"closed","template":"","meta":[],"product_cat":[30],"product_tag":[],"aioseo_notices":[],"jetpack_sharing_enabled":true,"_links":{"self":[{"href":"https:\/\/pop-co.fr\/index.php\/wp-json\/wp\/v2\/product\/103177"}],"collection":[{"href":"https:\/\/pop-co.fr\/index.php\/wp-json\/wp\/v2\/product"}],"about":[{"href":"https:\/\/pop-co.fr\/index.php\/wp-json\/wp\/v2\/types\/product"}],"replies":[{"embeddable":true,"href":"https:\/\/pop-co.fr\/index.php\/wp-json\/wp\/v2\/comments?post=103177"}],"version-history":[{"count":0,"href":"https:\/\/pop-co.fr\/index.php\/wp-json\/wp\/v2\/product\/103177\/revisions"}],"wp:featuredmedia":[{"embeddable":true,"href":"https:\/\/pop-co.fr\/index.php\/wp-json\/wp\/v2\/media\/356460"}],"wp:attachment":[{"href":"https:\/\/pop-co.fr\/index.php\/wp-json\/wp\/v2\/media?parent=103177"}],"wp:term":[{"taxonomy":"product_cat","embeddable":true,"href":"https:\/\/pop-co.fr\/index.php\/wp-json\/wp\/v2\/product_cat?post=103177"},{"taxonomy":"product_tag","embeddable":true,"href":"https:\/\/pop-co.fr\/index.php\/wp-json\/wp\/v2\/product_tag?post=103177"}],"curies":[{"name":"wp","href":"https:\/\/api.w.org\/{rel}","templated":true}]}}