{"id":103181,"date":"2024-06-03T14:22:49","date_gmt":"2024-06-03T12:22:49","guid":{"rendered":"https:\/\/pop-co.fr\/index.php\/product\/dessous-de-verre-disney-villains\/"},"modified":"2025-07-29T11:52:18","modified_gmt":"2025-07-29T09:52:18","slug":"dessous-de-verre-disney-villains","status":"publish","type":"product","link":"https:\/\/pop-co.fr\/index.php\/product\/dessous-de-verre-disney-villains\/","title":{"rendered":"DESSOUS DE VERRE &#8211; DISNEY &#8211; Vilains"},"content":{"rendered":"<p>Un ensemble de 4 sous-verres pour m\u00e9chants de la marque DISNEY\u00ae.<\/p>\n<p>Ces dessous de verre envo\u00fbtants sont incroyablement color\u00e9s et c\u00e9l\u00e8brent le c\u00f4t\u00e9 obscur de Disney.<\/p>\n<p>Chacun des sous-verres ronds en verre pr\u00e9sente un motif individuel de m\u00e9chant Disney, ainsi qu&rsquo;une inscription th\u00e9matique et une bordure color\u00e9e unique. Ils sont compl\u00e9t\u00e9s par une finition brillante.<\/p>\n<p>Les sous-verres sont emball\u00e9s dans une bo\u00eete de marque.<\/p>\n","protected":false},"excerpt":{"rendered":"<p>Un ensemble de 4 sous-verres pour m\u00e9chants de la marque DISNEY\u00ae. Ces dessous de verre envo\u00fbtants sont incroyablement color\u00e9s et c\u00e9l\u00e8brent le c\u00f4t\u00e9 obscur de Disney. Chacun des sous-verres ronds en verre pr\u00e9sente un motif individuel de m\u00e9chant Disney, ainsi qu&rsquo;une inscription th\u00e9matique et une bordure color\u00e9e unique. Ils sont compl\u00e9t\u00e9s par une finition brillante. [&hellip;]<\/p>\n","protected":false},"featured_media":356458,"comment_status":"open","ping_status":"closed","template":"","meta":[],"product_cat":[29],"product_tag":[],"aioseo_notices":[],"jetpack_sharing_enabled":true,"_links":{"self":[{"href":"https:\/\/pop-co.fr\/index.php\/wp-json\/wp\/v2\/product\/103181"}],"collection":[{"href":"https:\/\/pop-co.fr\/index.php\/wp-json\/wp\/v2\/product"}],"about":[{"href":"https:\/\/pop-co.fr\/index.php\/wp-json\/wp\/v2\/types\/product"}],"replies":[{"embeddable":true,"href":"https:\/\/pop-co.fr\/index.php\/wp-json\/wp\/v2\/comments?post=103181"}],"version-history":[{"count":0,"href":"https:\/\/pop-co.fr\/index.php\/wp-json\/wp\/v2\/product\/103181\/revisions"}],"wp:featuredmedia":[{"embeddable":true,"href":"https:\/\/pop-co.fr\/index.php\/wp-json\/wp\/v2\/media\/356458"}],"wp:attachment":[{"href":"https:\/\/pop-co.fr\/index.php\/wp-json\/wp\/v2\/media?parent=103181"}],"wp:term":[{"taxonomy":"product_cat","embeddable":true,"href":"https:\/\/pop-co.fr\/index.php\/wp-json\/wp\/v2\/product_cat?post=103181"},{"taxonomy":"product_tag","embeddable":true,"href":"https:\/\/pop-co.fr\/index.php\/wp-json\/wp\/v2\/product_tag?post=103181"}],"curies":[{"name":"wp","href":"https:\/\/api.w.org\/{rel}","templated":true}]}}