{"id":103190,"date":"2024-06-03T14:28:17","date_gmt":"2024-06-03T12:28:17","guid":{"rendered":"https:\/\/pop-co.fr\/index.php\/product\/boite-a-bijoux-disney-marie-les-aristochats\/"},"modified":"2025-06-28T12:57:29","modified_gmt":"2025-06-28T10:57:29","slug":"boite-a-bijoux-disney-marie-les-aristochats","status":"publish","type":"product","link":"https:\/\/pop-co.fr\/index.php\/product\/boite-a-bijoux-disney-marie-les-aristochats\/","title":{"rendered":"BOITE A BIJOUX &#8211; DISNEY &#8211; Marie (Les aristochats)"},"content":{"rendered":"<p>Cette magnifique bo\u00eete \u00e0 bijoux Marie aux finitions en cristal est issue du film classique de Disney Aristocats. Peint \u00e0 la main et orn\u00e9 de cristaux blancs et roses, c&rsquo;est un merveilleux souvenir. S\u00e9curis\u00e9 par un fermoir magn\u00e9tique pour garantir qu&rsquo;il reste bien ferm\u00e9 et emball\u00e9 dans une bo\u00eete rembourr\u00e9e et doubl\u00e9e en soie de la marque Disney. Un superbe cadeau pour tous les fans de Disney.<\/p>\n<p>(7 x 6 x 8 cm)<\/p>\n","protected":false},"excerpt":{"rendered":"<p>Cette magnifique bo\u00eete \u00e0 bijoux Marie aux finitions en cristal est issue du film classique de Disney Aristocats. Peint \u00e0 la main et orn\u00e9 de cristaux blancs et roses, c&rsquo;est un merveilleux souvenir. S\u00e9curis\u00e9 par un fermoir magn\u00e9tique pour garantir qu&rsquo;il reste bien ferm\u00e9 et emball\u00e9 dans une bo\u00eete rembourr\u00e9e et doubl\u00e9e en soie de [&hellip;]<\/p>\n","protected":false},"featured_media":340590,"comment_status":"open","ping_status":"closed","template":"","meta":[],"product_cat":[29],"product_tag":[],"aioseo_notices":[],"jetpack_sharing_enabled":true,"_links":{"self":[{"href":"https:\/\/pop-co.fr\/index.php\/wp-json\/wp\/v2\/product\/103190"}],"collection":[{"href":"https:\/\/pop-co.fr\/index.php\/wp-json\/wp\/v2\/product"}],"about":[{"href":"https:\/\/pop-co.fr\/index.php\/wp-json\/wp\/v2\/types\/product"}],"replies":[{"embeddable":true,"href":"https:\/\/pop-co.fr\/index.php\/wp-json\/wp\/v2\/comments?post=103190"}],"version-history":[{"count":0,"href":"https:\/\/pop-co.fr\/index.php\/wp-json\/wp\/v2\/product\/103190\/revisions"}],"wp:featuredmedia":[{"embeddable":true,"href":"https:\/\/pop-co.fr\/index.php\/wp-json\/wp\/v2\/media\/340590"}],"wp:attachment":[{"href":"https:\/\/pop-co.fr\/index.php\/wp-json\/wp\/v2\/media?parent=103190"}],"wp:term":[{"taxonomy":"product_cat","embeddable":true,"href":"https:\/\/pop-co.fr\/index.php\/wp-json\/wp\/v2\/product_cat?post=103190"},{"taxonomy":"product_tag","embeddable":true,"href":"https:\/\/pop-co.fr\/index.php\/wp-json\/wp\/v2\/product_tag?post=103190"}],"curies":[{"name":"wp","href":"https:\/\/api.w.org\/{rel}","templated":true}]}}