{"id":103193,"date":"2024-06-03T14:28:23","date_gmt":"2024-06-03T12:28:23","guid":{"rendered":"https:\/\/pop-co.fr\/index.php\/product\/boite-a-bijoux-disney-mme-samovar-et-zip-la-belle-et-la-bete\/"},"modified":"2025-09-08T17:24:10","modified_gmt":"2025-09-08T15:24:10","slug":"boite-a-bijoux-disney-mme-samovar-et-zip-la-belle-et-la-bete","status":"publish","type":"product","link":"https:\/\/pop-co.fr\/index.php\/product\/boite-a-bijoux-disney-mme-samovar-et-zip-la-belle-et-la-bete\/","title":{"rendered":"BOITE A BIJOUX &#8211; DISNEY &#8211; Mme Samovar et Zip (La belle et la b\u00eate)"},"content":{"rendered":"<p>Une magnifique bo\u00eete \u00e0 bijoux Mrs Potts and Chip aux finitions en cristal, extraite de l&rsquo;un des films pr\u00e9f\u00e9r\u00e9s de Disney, La Belle et la B\u00eate. Les deux sont positionn\u00e9s dans une pose nostalgique du film original, sur une base dor\u00e9e avec la phrase classique \u00ab One Lump or Two ? \u00bb dans un texte calligraphi\u00e9. <\/p>\n<p>Le couvercle de Mme Pott s&rsquo;ouvre pour r\u00e9v\u00e9ler une fente de rangement sp\u00e9ciale et les c\u00f4t\u00e9s sont orn\u00e9s de superbes cristaux pour compl\u00e9ter le design. <\/p>\n<p>La bo\u00eete \u00e0 bijoux est dot\u00e9e d&rsquo;une fermeture magn\u00e9tique qui garantit qu&rsquo;elle reste bien ferm\u00e9e et est emball\u00e9e dans une bo\u00eete rembourr\u00e9e et doubl\u00e9e en soie de la marque Disney pour compl\u00e9ter un superbe cadeau.<\/p>\n","protected":false},"excerpt":{"rendered":"<p>Une magnifique bo\u00eete \u00e0 bijoux Mrs Potts and Chip aux finitions en cristal, extraite de l&rsquo;un des films pr\u00e9f\u00e9r\u00e9s de Disney, La Belle et la B\u00eate. Les deux sont positionn\u00e9s dans une pose nostalgique du film original, sur une base dor\u00e9e avec la phrase classique \u00ab One Lump or Two ? \u00bb dans un texte [&hellip;]<\/p>\n","protected":false},"featured_media":358290,"comment_status":"open","ping_status":"closed","template":"","meta":[],"product_cat":[29],"product_tag":[],"aioseo_notices":[],"jetpack_sharing_enabled":true,"_links":{"self":[{"href":"https:\/\/pop-co.fr\/index.php\/wp-json\/wp\/v2\/product\/103193"}],"collection":[{"href":"https:\/\/pop-co.fr\/index.php\/wp-json\/wp\/v2\/product"}],"about":[{"href":"https:\/\/pop-co.fr\/index.php\/wp-json\/wp\/v2\/types\/product"}],"replies":[{"embeddable":true,"href":"https:\/\/pop-co.fr\/index.php\/wp-json\/wp\/v2\/comments?post=103193"}],"version-history":[{"count":0,"href":"https:\/\/pop-co.fr\/index.php\/wp-json\/wp\/v2\/product\/103193\/revisions"}],"wp:featuredmedia":[{"embeddable":true,"href":"https:\/\/pop-co.fr\/index.php\/wp-json\/wp\/v2\/media\/358290"}],"wp:attachment":[{"href":"https:\/\/pop-co.fr\/index.php\/wp-json\/wp\/v2\/media?parent=103193"}],"wp:term":[{"taxonomy":"product_cat","embeddable":true,"href":"https:\/\/pop-co.fr\/index.php\/wp-json\/wp\/v2\/product_cat?post=103193"},{"taxonomy":"product_tag","embeddable":true,"href":"https:\/\/pop-co.fr\/index.php\/wp-json\/wp\/v2\/product_tag?post=103193"}],"curies":[{"name":"wp","href":"https:\/\/api.w.org\/{rel}","templated":true}]}}