{"id":103197,"date":"2024-06-03T14:28:31","date_gmt":"2024-06-03T12:28:31","guid":{"rendered":"https:\/\/pop-co.fr\/index.php\/product\/boite-a-bijoux-disney-simba-le-roi-lion\/"},"modified":"2025-06-28T12:57:33","modified_gmt":"2025-06-28T10:57:33","slug":"boite-a-bijoux-disney-simba-le-roi-lion","status":"publish","type":"product","link":"https:\/\/pop-co.fr\/index.php\/product\/boite-a-bijoux-disney-simba-le-roi-lion\/","title":{"rendered":"BOITE A BIJOUX &#8211; DISNEY &#8211; Simba (Le roi lion)"},"content":{"rendered":"<p>Cette magnifique bo\u00eete \u00e0 bijoux Simba aux finitions cristallines est issue du film classique de Disney Le Roi Lion. Dessin peint \u00e0 la main, il est orn\u00e9 de cristaux argent\u00e9s et est s\u00e9curis\u00e9 par un fermoir magn\u00e9tique. Emball\u00e9 dans une bo\u00eete rembourr\u00e9e et doubl\u00e9e en soie de la marque Disney.<\/p>\n","protected":false},"excerpt":{"rendered":"<p>Cette magnifique bo\u00eete \u00e0 bijoux Simba aux finitions cristallines est issue du film classique de Disney Le Roi Lion. Dessin peint \u00e0 la main, il est orn\u00e9 de cristaux argent\u00e9s et est s\u00e9curis\u00e9 par un fermoir magn\u00e9tique. Emball\u00e9 dans une bo\u00eete rembourr\u00e9e et doubl\u00e9e en soie de la marque Disney.<\/p>\n","protected":false},"featured_media":337097,"comment_status":"open","ping_status":"closed","template":"","meta":[],"product_cat":[29],"product_tag":[],"aioseo_notices":[],"jetpack_sharing_enabled":true,"_links":{"self":[{"href":"https:\/\/pop-co.fr\/index.php\/wp-json\/wp\/v2\/product\/103197"}],"collection":[{"href":"https:\/\/pop-co.fr\/index.php\/wp-json\/wp\/v2\/product"}],"about":[{"href":"https:\/\/pop-co.fr\/index.php\/wp-json\/wp\/v2\/types\/product"}],"replies":[{"embeddable":true,"href":"https:\/\/pop-co.fr\/index.php\/wp-json\/wp\/v2\/comments?post=103197"}],"version-history":[{"count":0,"href":"https:\/\/pop-co.fr\/index.php\/wp-json\/wp\/v2\/product\/103197\/revisions"}],"wp:featuredmedia":[{"embeddable":true,"href":"https:\/\/pop-co.fr\/index.php\/wp-json\/wp\/v2\/media\/337097"}],"wp:attachment":[{"href":"https:\/\/pop-co.fr\/index.php\/wp-json\/wp\/v2\/media?parent=103197"}],"wp:term":[{"taxonomy":"product_cat","embeddable":true,"href":"https:\/\/pop-co.fr\/index.php\/wp-json\/wp\/v2\/product_cat?post=103197"},{"taxonomy":"product_tag","embeddable":true,"href":"https:\/\/pop-co.fr\/index.php\/wp-json\/wp\/v2\/product_tag?post=103197"}],"curies":[{"name":"wp","href":"https:\/\/api.w.org\/{rel}","templated":true}]}}