{"id":103205,"date":"2024-06-03T14:28:49","date_gmt":"2024-06-03T12:28:49","guid":{"rendered":"https:\/\/pop-co.fr\/index.php\/product\/disney-simba-et-mufasa-le-roi-lion-figurine-11cm\/"},"modified":"2025-07-29T11:52:05","modified_gmt":"2025-07-29T09:52:05","slug":"disney-simba-et-mufasa-le-roi-lion-figurine-11cm","status":"publish","type":"product","link":"https:\/\/pop-co.fr\/index.php\/product\/disney-simba-et-mufasa-le-roi-lion-figurine-11cm\/","title":{"rendered":"DISNEY &#8211; Simba et Mufasa (Le roi lion) &#8211; Figurine 11cm"},"content":{"rendered":"<p>Revivez les moments magiques des classiques de Disney avec cette figurine du Roi Lion \u00ab My Daddy Is King \u00bb. Faisant partie de notre gamme Magical Moments de figurines Disney classiques en r\u00e9sine peintes \u00e0 la main, cette d\u00e9coration Le Roi Lion repr\u00e9sente Mufasa et Simba assis ensemble.<\/p>\n<p>Cet article est livr\u00e9 dans un superbe coffret cadeau.<\/p>\n<p>Dimensions : 9 x 10 x 11 cm<\/p>\n","protected":false},"excerpt":{"rendered":"<p>Revivez les moments magiques des classiques de Disney avec cette figurine du Roi Lion \u00ab My Daddy Is King \u00bb. Faisant partie de notre gamme Magical Moments de figurines Disney classiques en r\u00e9sine peintes \u00e0 la main, cette d\u00e9coration Le Roi Lion repr\u00e9sente Mufasa et Simba assis ensemble. Cet article est livr\u00e9 dans un superbe [&hellip;]<\/p>\n","protected":false},"featured_media":356456,"comment_status":"open","ping_status":"closed","template":"","meta":[],"product_cat":[29],"product_tag":[],"aioseo_notices":[],"jetpack_sharing_enabled":true,"_links":{"self":[{"href":"https:\/\/pop-co.fr\/index.php\/wp-json\/wp\/v2\/product\/103205"}],"collection":[{"href":"https:\/\/pop-co.fr\/index.php\/wp-json\/wp\/v2\/product"}],"about":[{"href":"https:\/\/pop-co.fr\/index.php\/wp-json\/wp\/v2\/types\/product"}],"replies":[{"embeddable":true,"href":"https:\/\/pop-co.fr\/index.php\/wp-json\/wp\/v2\/comments?post=103205"}],"version-history":[{"count":0,"href":"https:\/\/pop-co.fr\/index.php\/wp-json\/wp\/v2\/product\/103205\/revisions"}],"wp:featuredmedia":[{"embeddable":true,"href":"https:\/\/pop-co.fr\/index.php\/wp-json\/wp\/v2\/media\/356456"}],"wp:attachment":[{"href":"https:\/\/pop-co.fr\/index.php\/wp-json\/wp\/v2\/media?parent=103205"}],"wp:term":[{"taxonomy":"product_cat","embeddable":true,"href":"https:\/\/pop-co.fr\/index.php\/wp-json\/wp\/v2\/product_cat?post=103205"},{"taxonomy":"product_tag","embeddable":true,"href":"https:\/\/pop-co.fr\/index.php\/wp-json\/wp\/v2\/product_tag?post=103205"}],"curies":[{"name":"wp","href":"https:\/\/api.w.org\/{rel}","templated":true}]}}