{"id":103225,"date":"2024-06-03T14:29:20","date_gmt":"2024-06-03T12:29:20","guid":{"rendered":"https:\/\/pop-co.fr\/index.php\/product\/tasse-disney-blanche-neige\/"},"modified":"2025-06-28T12:57:50","modified_gmt":"2025-06-28T10:57:50","slug":"tasse-disney-blanche-neige","status":"publish","type":"product","link":"https:\/\/pop-co.fr\/index.php\/product\/tasse-disney-blanche-neige\/","title":{"rendered":"TASSE &#8211; DISNEY &#8211; Blanche Neige"},"content":{"rendered":"<p>Un mug Blanche-Neige de qualit\u00e9 sup\u00e9rieure de Disney 100 by DISNEY\u00ae.<\/p>\n<p>Ce mug en \u00e9dition limit\u00e9e capture la v\u00e9ritable magie de Disney \u00e0 l&rsquo;occasion de son centenaire et peut \u00eatre appr\u00e9ci\u00e9 par les fans de tous \u00e2ges.<\/p>\n<p>Le mug en c\u00e9ramique blanche pr\u00e9sente une illustration imprim\u00e9e au crayon de Blanche-Neige, avec le logo du film argent\u00e9, une d\u00e9coration en forme d&rsquo;\u00e9toile assortie, une finition brillante et le titre \u00ab Be True to Yourself \u00bb. Il est fini par un bord argent\u00e9, une poign\u00e9e assortie et une couleur int\u00e9rieure grise.<\/p>\n<p>La tasse est emball\u00e9e dans une bo\u00eete \u00e0 couvercle avec du papier aluminium.<\/p>\n","protected":false},"excerpt":{"rendered":"<p>Un mug Blanche-Neige de qualit\u00e9 sup\u00e9rieure de Disney 100 by DISNEY\u00ae. Ce mug en \u00e9dition limit\u00e9e capture la v\u00e9ritable magie de Disney \u00e0 l&rsquo;occasion de son centenaire et peut \u00eatre appr\u00e9ci\u00e9 par les fans de tous \u00e2ges. Le mug en c\u00e9ramique blanche pr\u00e9sente une illustration imprim\u00e9e au crayon de Blanche-Neige, avec le logo du film [&hellip;]<\/p>\n","protected":false},"featured_media":233751,"comment_status":"open","ping_status":"closed","template":"","meta":[],"product_cat":[29],"product_tag":[],"aioseo_notices":[],"jetpack_sharing_enabled":true,"_links":{"self":[{"href":"https:\/\/pop-co.fr\/index.php\/wp-json\/wp\/v2\/product\/103225"}],"collection":[{"href":"https:\/\/pop-co.fr\/index.php\/wp-json\/wp\/v2\/product"}],"about":[{"href":"https:\/\/pop-co.fr\/index.php\/wp-json\/wp\/v2\/types\/product"}],"replies":[{"embeddable":true,"href":"https:\/\/pop-co.fr\/index.php\/wp-json\/wp\/v2\/comments?post=103225"}],"version-history":[{"count":0,"href":"https:\/\/pop-co.fr\/index.php\/wp-json\/wp\/v2\/product\/103225\/revisions"}],"wp:featuredmedia":[{"embeddable":true,"href":"https:\/\/pop-co.fr\/index.php\/wp-json\/wp\/v2\/media\/233751"}],"wp:attachment":[{"href":"https:\/\/pop-co.fr\/index.php\/wp-json\/wp\/v2\/media?parent=103225"}],"wp:term":[{"taxonomy":"product_cat","embeddable":true,"href":"https:\/\/pop-co.fr\/index.php\/wp-json\/wp\/v2\/product_cat?post=103225"},{"taxonomy":"product_tag","embeddable":true,"href":"https:\/\/pop-co.fr\/index.php\/wp-json\/wp\/v2\/product_tag?post=103225"}],"curies":[{"name":"wp","href":"https:\/\/api.w.org\/{rel}","templated":true}]}}