{"id":103251,"date":"2024-06-03T14:30:09","date_gmt":"2024-06-03T12:30:09","guid":{"rendered":"https:\/\/pop-co.fr\/index.php\/product\/tasse-pixar-woody-toy-story\/"},"modified":"2025-06-28T12:58:04","modified_gmt":"2025-06-28T10:58:04","slug":"tasse-pixar-woody-toy-story","status":"publish","type":"product","link":"https:\/\/pop-co.fr\/index.php\/product\/tasse-pixar-woody-toy-story\/","title":{"rendered":"TASSE &#8211; PIXAR &#8211; Woody (Toy Story)"},"content":{"rendered":"<p>Un mug Woody de qualit\u00e9 sup\u00e9rieure de Disney 100 by DISNEY\u00ae.<\/p>\n<p>Ce mug en \u00e9dition limit\u00e9e capture la v\u00e9ritable magie de Disney \u00e0 l&rsquo;occasion de son centenaire et peut \u00eatre appr\u00e9ci\u00e9 par les fans de tous \u00e2ges.<\/p>\n<p>Le mug en c\u00e9ramique blanche pr\u00e9sente une illustration imprim\u00e9e au crayon de Woody de Toy Story, avec le logo du film argent\u00e9, une d\u00e9coration en forme d&rsquo;\u00e9toile assortie, une finition brillante et le titre \u00ab Believe in Yourself \u00bb. Il est fini par un bord argent\u00e9, une poign\u00e9e assortie et une couleur int\u00e9rieure grise.<\/p>\n<p>La tasse est emball\u00e9e dans une bo\u00eete \u00e0 couvercle avec du papier aluminium.<\/p>\n","protected":false},"excerpt":{"rendered":"<p>Un mug Woody de qualit\u00e9 sup\u00e9rieure de Disney 100 by DISNEY\u00ae. Ce mug en \u00e9dition limit\u00e9e capture la v\u00e9ritable magie de Disney \u00e0 l&rsquo;occasion de son centenaire et peut \u00eatre appr\u00e9ci\u00e9 par les fans de tous \u00e2ges. Le mug en c\u00e9ramique blanche pr\u00e9sente une illustration imprim\u00e9e au crayon de Woody de Toy Story, avec le [&hellip;]<\/p>\n","protected":false},"featured_media":148474,"comment_status":"open","ping_status":"closed","template":"","meta":[],"product_cat":[29],"product_tag":[],"aioseo_notices":[],"jetpack_sharing_enabled":true,"_links":{"self":[{"href":"https:\/\/pop-co.fr\/index.php\/wp-json\/wp\/v2\/product\/103251"}],"collection":[{"href":"https:\/\/pop-co.fr\/index.php\/wp-json\/wp\/v2\/product"}],"about":[{"href":"https:\/\/pop-co.fr\/index.php\/wp-json\/wp\/v2\/types\/product"}],"replies":[{"embeddable":true,"href":"https:\/\/pop-co.fr\/index.php\/wp-json\/wp\/v2\/comments?post=103251"}],"version-history":[{"count":0,"href":"https:\/\/pop-co.fr\/index.php\/wp-json\/wp\/v2\/product\/103251\/revisions"}],"wp:featuredmedia":[{"embeddable":true,"href":"https:\/\/pop-co.fr\/index.php\/wp-json\/wp\/v2\/media\/148474"}],"wp:attachment":[{"href":"https:\/\/pop-co.fr\/index.php\/wp-json\/wp\/v2\/media?parent=103251"}],"wp:term":[{"taxonomy":"product_cat","embeddable":true,"href":"https:\/\/pop-co.fr\/index.php\/wp-json\/wp\/v2\/product_cat?post=103251"},{"taxonomy":"product_tag","embeddable":true,"href":"https:\/\/pop-co.fr\/index.php\/wp-json\/wp\/v2\/product_tag?post=103251"}],"curies":[{"name":"wp","href":"https:\/\/api.w.org\/{rel}","templated":true}]}}