{"id":103256,"date":"2024-06-03T14:30:42","date_gmt":"2024-06-03T12:30:42","guid":{"rendered":"https:\/\/pop-co.fr\/index.php\/product\/tirelire-disney-winnie-lourson\/"},"modified":"2025-06-28T12:58:21","modified_gmt":"2025-06-28T10:58:21","slug":"tirelire-disney-winnie-lourson","status":"publish","type":"product","link":"https:\/\/pop-co.fr\/index.php\/product\/tirelire-disney-winnie-lourson\/","title":{"rendered":"TIRELIRE &#8211; DISNEY &#8211; Winnie l&rsquo;ourson"},"content":{"rendered":"<p>Une tirelire en r\u00e9sine Winnie l&rsquo;ourson et ses amis de la marque DISNEY\u00ae.<\/p>\n<p>Cette tirelire blanche met en sc\u00e8ne les personnages imm\u00e9diatement reconnaissables de Winnie l&rsquo;ourson et vous permet d&rsquo;\u00e9conomiser pour les jours de pluie. D&rsquo;apr\u00e8s les \u0153uvres d&rsquo;A.A. Milne et E.H. Shepard, la personnalit\u00e9 des personnages est facilement visible. <\/p>\n<p>La fente \u00e0 billets est situ\u00e9e sur le dessus, tandis que son bouchon en caoutchouc facile \u00e0 retirer repose sur la base pour faciliter le retrait des fonds. <\/p>\n<p>La tirelire est emball\u00e9e dans une bo\u00eete artisanale et une ceinture ventrale imprim\u00e9e en 4c.<\/p>\n","protected":false},"excerpt":{"rendered":"<p>Une tirelire en r\u00e9sine Winnie l&rsquo;ourson et ses amis de la marque DISNEY\u00ae. Cette tirelire blanche met en sc\u00e8ne les personnages imm\u00e9diatement reconnaissables de Winnie l&rsquo;ourson et vous permet d&rsquo;\u00e9conomiser pour les jours de pluie. D&rsquo;apr\u00e8s les \u0153uvres d&rsquo;A.A. Milne et E.H. Shepard, la personnalit\u00e9 des personnages est facilement visible. La fente \u00e0 billets est [&hellip;]<\/p>\n","protected":false},"featured_media":148502,"comment_status":"open","ping_status":"closed","template":"","meta":[],"product_cat":[29],"product_tag":[],"aioseo_notices":[],"jetpack_sharing_enabled":true,"_links":{"self":[{"href":"https:\/\/pop-co.fr\/index.php\/wp-json\/wp\/v2\/product\/103256"}],"collection":[{"href":"https:\/\/pop-co.fr\/index.php\/wp-json\/wp\/v2\/product"}],"about":[{"href":"https:\/\/pop-co.fr\/index.php\/wp-json\/wp\/v2\/types\/product"}],"replies":[{"embeddable":true,"href":"https:\/\/pop-co.fr\/index.php\/wp-json\/wp\/v2\/comments?post=103256"}],"version-history":[{"count":0,"href":"https:\/\/pop-co.fr\/index.php\/wp-json\/wp\/v2\/product\/103256\/revisions"}],"wp:featuredmedia":[{"embeddable":true,"href":"https:\/\/pop-co.fr\/index.php\/wp-json\/wp\/v2\/media\/148502"}],"wp:attachment":[{"href":"https:\/\/pop-co.fr\/index.php\/wp-json\/wp\/v2\/media?parent=103256"}],"wp:term":[{"taxonomy":"product_cat","embeddable":true,"href":"https:\/\/pop-co.fr\/index.php\/wp-json\/wp\/v2\/product_cat?post=103256"},{"taxonomy":"product_tag","embeddable":true,"href":"https:\/\/pop-co.fr\/index.php\/wp-json\/wp\/v2\/product_tag?post=103256"}],"curies":[{"name":"wp","href":"https:\/\/api.w.org\/{rel}","templated":true}]}}