{"id":103258,"date":"2024-06-03T14:31:01","date_gmt":"2024-06-03T12:31:01","guid":{"rendered":"https:\/\/pop-co.fr\/index.php\/product\/verre-disney-cruella\/"},"modified":"2025-06-28T12:58:27","modified_gmt":"2025-06-28T10:58:27","slug":"verre-disney-cruella","status":"publish","type":"product","link":"https:\/\/pop-co.fr\/index.php\/product\/verre-disney-cruella\/","title":{"rendered":"VERRE &#8211; DISNEY &#8211; Cruella (101 dalmatiens)"},"content":{"rendered":"<p>Un verre Cruella de DISNEY\u00ae.<\/p>\n<p>Cette verrerie enchanteresse est incroyablement color\u00e9e et c\u00e9l\u00e8bre le c\u00f4t\u00e9 obscur de Disney.<\/p>\n<p>Le verre orange pr\u00e9sente une finition brillante, avec une image imprim\u00e9e de la Cruella des 101 Dalmatiens et le titre \u00ab Live Fast, Drive Faster \u00bb. Sur le c\u00f4t\u00e9 oppos\u00e9 se trouve une image compl\u00e9mentaire du m\u00e9chant embl\u00e9matique \u00e0 c\u00f4t\u00e9 de l&rsquo;inscription \u00ab Cruella De Vil \u00bb.<\/p>\n<p>Le verre est emball\u00e9 dans une bo\u00eete de marque.<\/p>\n","protected":false},"excerpt":{"rendered":"<p>Un verre Cruella de DISNEY\u00ae. Cette verrerie enchanteresse est incroyablement color\u00e9e et c\u00e9l\u00e8bre le c\u00f4t\u00e9 obscur de Disney. Le verre orange pr\u00e9sente une finition brillante, avec une image imprim\u00e9e de la Cruella des 101 Dalmatiens et le titre \u00ab Live Fast, Drive Faster \u00bb. Sur le c\u00f4t\u00e9 oppos\u00e9 se trouve une image compl\u00e9mentaire du m\u00e9chant [&hellip;]<\/p>\n","protected":false},"featured_media":318225,"comment_status":"open","ping_status":"closed","template":"","meta":[],"product_cat":[29],"product_tag":[],"aioseo_notices":[],"jetpack_sharing_enabled":true,"_links":{"self":[{"href":"https:\/\/pop-co.fr\/index.php\/wp-json\/wp\/v2\/product\/103258"}],"collection":[{"href":"https:\/\/pop-co.fr\/index.php\/wp-json\/wp\/v2\/product"}],"about":[{"href":"https:\/\/pop-co.fr\/index.php\/wp-json\/wp\/v2\/types\/product"}],"replies":[{"embeddable":true,"href":"https:\/\/pop-co.fr\/index.php\/wp-json\/wp\/v2\/comments?post=103258"}],"version-history":[{"count":0,"href":"https:\/\/pop-co.fr\/index.php\/wp-json\/wp\/v2\/product\/103258\/revisions"}],"wp:featuredmedia":[{"embeddable":true,"href":"https:\/\/pop-co.fr\/index.php\/wp-json\/wp\/v2\/media\/318225"}],"wp:attachment":[{"href":"https:\/\/pop-co.fr\/index.php\/wp-json\/wp\/v2\/media?parent=103258"}],"wp:term":[{"taxonomy":"product_cat","embeddable":true,"href":"https:\/\/pop-co.fr\/index.php\/wp-json\/wp\/v2\/product_cat?post=103258"},{"taxonomy":"product_tag","embeddable":true,"href":"https:\/\/pop-co.fr\/index.php\/wp-json\/wp\/v2\/product_tag?post=103258"}],"curies":[{"name":"wp","href":"https:\/\/api.w.org\/{rel}","templated":true}]}}