{"id":103280,"date":"2024-06-03T14:31:44","date_gmt":"2024-06-03T12:31:44","guid":{"rendered":"https:\/\/pop-co.fr\/index.php\/product\/verre-disney-malefique\/"},"modified":"2025-06-28T12:58:30","modified_gmt":"2025-06-28T10:58:30","slug":"verre-disney-malefique","status":"publish","type":"product","link":"https:\/\/pop-co.fr\/index.php\/product\/verre-disney-malefique\/","title":{"rendered":"VERRE &#8211; DISNEY &#8211; Mal\u00e9fique (La belle au bois dormant)"},"content":{"rendered":"<p>Un verre Mal\u00e9fique de DISNEY\u00ae.<\/p>\n<p>Cette verrerie enchanteresse est incroyablement color\u00e9e et c\u00e9l\u00e8bre le c\u00f4t\u00e9 obscur de Disney.<\/p>\n<p>Le verre vert pr\u00e9sente une finition brillante, agr\u00e9ment\u00e9e d&rsquo;une image imprim\u00e9e du Mal\u00e9fique et du titre \u00ab Made for Mayhem \u00bb. Sur le c\u00f4t\u00e9 oppos\u00e9 se trouve une image compl\u00e9mentaire de Diaval le corbeau \u00e0 c\u00f4t\u00e9 de l&rsquo;inscription \u00ab Dark Wings \u00bb.<\/p>\n<p>Le verre est emball\u00e9 dans une bo\u00eete de marque.<\/p>\n","protected":false},"excerpt":{"rendered":"<p>Un verre Mal\u00e9fique de DISNEY\u00ae. Cette verrerie enchanteresse est incroyablement color\u00e9e et c\u00e9l\u00e8bre le c\u00f4t\u00e9 obscur de Disney. Le verre vert pr\u00e9sente une finition brillante, agr\u00e9ment\u00e9e d&rsquo;une image imprim\u00e9e du Mal\u00e9fique et du titre \u00ab Made for Mayhem \u00bb. Sur le c\u00f4t\u00e9 oppos\u00e9 se trouve une image compl\u00e9mentaire de Diaval le corbeau \u00e0 c\u00f4t\u00e9 de [&hellip;]<\/p>\n","protected":false},"featured_media":312326,"comment_status":"open","ping_status":"closed","template":"","meta":[],"product_cat":[29],"product_tag":[],"aioseo_notices":[],"jetpack_sharing_enabled":true,"_links":{"self":[{"href":"https:\/\/pop-co.fr\/index.php\/wp-json\/wp\/v2\/product\/103280"}],"collection":[{"href":"https:\/\/pop-co.fr\/index.php\/wp-json\/wp\/v2\/product"}],"about":[{"href":"https:\/\/pop-co.fr\/index.php\/wp-json\/wp\/v2\/types\/product"}],"replies":[{"embeddable":true,"href":"https:\/\/pop-co.fr\/index.php\/wp-json\/wp\/v2\/comments?post=103280"}],"version-history":[{"count":0,"href":"https:\/\/pop-co.fr\/index.php\/wp-json\/wp\/v2\/product\/103280\/revisions"}],"wp:featuredmedia":[{"embeddable":true,"href":"https:\/\/pop-co.fr\/index.php\/wp-json\/wp\/v2\/media\/312326"}],"wp:attachment":[{"href":"https:\/\/pop-co.fr\/index.php\/wp-json\/wp\/v2\/media?parent=103280"}],"wp:term":[{"taxonomy":"product_cat","embeddable":true,"href":"https:\/\/pop-co.fr\/index.php\/wp-json\/wp\/v2\/product_cat?post=103280"},{"taxonomy":"product_tag","embeddable":true,"href":"https:\/\/pop-co.fr\/index.php\/wp-json\/wp\/v2\/product_tag?post=103280"}],"curies":[{"name":"wp","href":"https:\/\/api.w.org\/{rel}","templated":true}]}}