{"id":10342,"date":"2024-02-20T20:56:26","date_gmt":"2024-02-20T19:56:26","guid":{"rendered":"https:\/\/pop-co.fr\/index.php\/product\/q-posket-stranger-things-eleven\/"},"modified":"2025-07-29T10:39:37","modified_gmt":"2025-07-29T08:39:37","slug":"q-posket-stranger-things-eleven","status":"publish","type":"product","link":"https:\/\/pop-co.fr\/index.php\/product\/q-posket-stranger-things-eleven\/","title":{"rendered":"Q POSKET &#8211; STRANGER THINGS &#8211; Eleven"},"content":{"rendered":"<p>Figurine haute qualit\u00e9 en PVC, sous licence officielle. Mod\u00e8le fabriqu\u00e9 par Banpresto.<\/p>\n<p>Taille environ 13cm.<\/p>\n","protected":false},"excerpt":{"rendered":"<p>Figurine haute qualit\u00e9 en PVC, sous licence officielle. Mod\u00e8le fabriqu\u00e9 par Banpresto. Taille environ 13cm.<\/p>\n","protected":false},"featured_media":355585,"comment_status":"open","ping_status":"closed","template":"","meta":[],"product_cat":[39,42],"product_tag":[],"aioseo_notices":[],"jetpack_sharing_enabled":true,"_links":{"self":[{"href":"https:\/\/pop-co.fr\/index.php\/wp-json\/wp\/v2\/product\/10342"}],"collection":[{"href":"https:\/\/pop-co.fr\/index.php\/wp-json\/wp\/v2\/product"}],"about":[{"href":"https:\/\/pop-co.fr\/index.php\/wp-json\/wp\/v2\/types\/product"}],"replies":[{"embeddable":true,"href":"https:\/\/pop-co.fr\/index.php\/wp-json\/wp\/v2\/comments?post=10342"}],"version-history":[{"count":0,"href":"https:\/\/pop-co.fr\/index.php\/wp-json\/wp\/v2\/product\/10342\/revisions"}],"wp:featuredmedia":[{"embeddable":true,"href":"https:\/\/pop-co.fr\/index.php\/wp-json\/wp\/v2\/media\/355585"}],"wp:attachment":[{"href":"https:\/\/pop-co.fr\/index.php\/wp-json\/wp\/v2\/media?parent=10342"}],"wp:term":[{"taxonomy":"product_cat","embeddable":true,"href":"https:\/\/pop-co.fr\/index.php\/wp-json\/wp\/v2\/product_cat?post=10342"},{"taxonomy":"product_tag","embeddable":true,"href":"https:\/\/pop-co.fr\/index.php\/wp-json\/wp\/v2\/product_tag?post=10342"}],"curies":[{"name":"wp","href":"https:\/\/api.w.org\/{rel}","templated":true}]}}