{"id":103457,"date":"2024-06-03T16:46:52","date_gmt":"2024-06-03T14:46:52","guid":{"rendered":"https:\/\/pop-co.fr\/index.php\/product\/mug-thermoreactif-marvel-heros\/"},"modified":"2025-06-28T12:39:44","modified_gmt":"2025-06-28T10:39:44","slug":"mug-thermoreactif-marvel-heros","status":"publish","type":"product","link":"https:\/\/pop-co.fr\/index.php\/product\/mug-thermoreactif-marvel-heros\/","title":{"rendered":"MUG THERMOREACTIF &#8211; MARVEL &#8211; H\u00e9ros"},"content":{"rendered":"<p>Les h\u00e9ros ne seront jamais trop nombreux pour vous aider \u00e0 affronter la journ\u00e9e avec ce mug thermo-r\u00e9actif par ABYstyle.<br \/>\nTous les matins, vous verrez d\u00e9sormais votre mug changer d&rsquo;apparence lorsque vous ferez couler votre chocolat chaud, votre th\u00e9 ou votre caf\u00e9&#8230; ! <\/p>\n<p>Caract\u00e9ristiques :<br \/>\n&#8211; Change d&rsquo;aspect lorsque vous versez un liquide chaud.<br \/>\n&#8211; Grande contenance (460 ml).<br \/>\n&#8211; Ne passe pas au micro-ondes ou au lave-vaisselle<br \/>\n&#8211; Mati\u00e8re c\u00e9ramique.<\/p>\n","protected":false},"excerpt":{"rendered":"<p>Les h\u00e9ros ne seront jamais trop nombreux pour vous aider \u00e0 affronter la journ\u00e9e avec ce mug thermo-r\u00e9actif par ABYstyle. Tous les matins, vous verrez d\u00e9sormais votre mug changer d&rsquo;apparence lorsque vous ferez couler votre chocolat chaud, votre th\u00e9 ou votre caf\u00e9&#8230; ! Caract\u00e9ristiques : &#8211; Change d&rsquo;aspect lorsque vous versez un liquide chaud. &#8211; [&hellip;]<\/p>\n","protected":false},"featured_media":220438,"comment_status":"open","ping_status":"closed","template":"","meta":[],"product_cat":[29,63],"product_tag":[],"aioseo_notices":[],"jetpack_sharing_enabled":true,"_links":{"self":[{"href":"https:\/\/pop-co.fr\/index.php\/wp-json\/wp\/v2\/product\/103457"}],"collection":[{"href":"https:\/\/pop-co.fr\/index.php\/wp-json\/wp\/v2\/product"}],"about":[{"href":"https:\/\/pop-co.fr\/index.php\/wp-json\/wp\/v2\/types\/product"}],"replies":[{"embeddable":true,"href":"https:\/\/pop-co.fr\/index.php\/wp-json\/wp\/v2\/comments?post=103457"}],"version-history":[{"count":0,"href":"https:\/\/pop-co.fr\/index.php\/wp-json\/wp\/v2\/product\/103457\/revisions"}],"wp:featuredmedia":[{"embeddable":true,"href":"https:\/\/pop-co.fr\/index.php\/wp-json\/wp\/v2\/media\/220438"}],"wp:attachment":[{"href":"https:\/\/pop-co.fr\/index.php\/wp-json\/wp\/v2\/media?parent=103457"}],"wp:term":[{"taxonomy":"product_cat","embeddable":true,"href":"https:\/\/pop-co.fr\/index.php\/wp-json\/wp\/v2\/product_cat?post=103457"},{"taxonomy":"product_tag","embeddable":true,"href":"https:\/\/pop-co.fr\/index.php\/wp-json\/wp\/v2\/product_tag?post=103457"}],"curies":[{"name":"wp","href":"https:\/\/api.w.org\/{rel}","templated":true}]}}