{"id":10370,"date":"2024-02-20T20:56:56","date_gmt":"2024-02-20T19:56:56","guid":{"rendered":"https:\/\/pop-co.fr\/index.php\/product\/sac-a-dos-pokemon-pikachu-3\/"},"modified":"2025-06-28T14:50:57","modified_gmt":"2025-06-28T12:50:57","slug":"sac-a-dos-pokemon-pikachu-3","status":"publish","type":"product","link":"https:\/\/pop-co.fr\/index.php\/product\/sac-a-dos-pokemon-pikachu-3\/","title":{"rendered":"SAC A DOS &#8211; POKEMON &#8211; Pikachu"},"content":{"rendered":"<p>Un sac \u00e0 dos \u00e0 deux sangles con\u00e7u dans un souci de qualit\u00e9. Ce sac \u00e0 dos est dot\u00e9 d&rsquo;une grande poche avant et d&rsquo;un compartiment principal spacieux. Soutenir vos franchises pr\u00e9f\u00e9r\u00e9es n&rsquo;a jamais \u00e9t\u00e9 aussi facile avec ces designs iconiques et imm\u00e9diatement reconnaissables.<\/p>\n<p>Caract\u00e9ristiques :<br \/>\n&#8211; Le sac \u00e0 dos a la forme du Pokemon le plus embl\u00e9matique &#8211; Pikachu, avec des oreilles en 3D.<br \/>\n&#8211; Sangles rembourr\u00e9es pour un transport facile et un confort accru.<br \/>\n&#8211; Grande poche frontale pour un rangement suppl\u00e9mentaire.<br \/>\n&#8211; Composition : 100% polyur\u00e9thane (PU)<br \/>\n&#8211; Dimension : 32 X 30 X 14 cm<\/p>\n","protected":false},"excerpt":{"rendered":"<p>Un sac \u00e0 dos \u00e0 deux sangles con\u00e7u dans un souci de qualit\u00e9. Ce sac \u00e0 dos est dot\u00e9 d&rsquo;une grande poche avant et d&rsquo;un compartiment principal spacieux. Soutenir vos franchises pr\u00e9f\u00e9r\u00e9es n&rsquo;a jamais \u00e9t\u00e9 aussi facile avec ces designs iconiques et imm\u00e9diatement reconnaissables. Caract\u00e9ristiques : &#8211; Le sac \u00e0 dos a la forme du [&hellip;]<\/p>\n","protected":false},"featured_media":152022,"comment_status":"open","ping_status":"closed","template":"","meta":[],"product_cat":[70,47],"product_tag":[],"aioseo_notices":[],"jetpack_sharing_enabled":true,"_links":{"self":[{"href":"https:\/\/pop-co.fr\/index.php\/wp-json\/wp\/v2\/product\/10370"}],"collection":[{"href":"https:\/\/pop-co.fr\/index.php\/wp-json\/wp\/v2\/product"}],"about":[{"href":"https:\/\/pop-co.fr\/index.php\/wp-json\/wp\/v2\/types\/product"}],"replies":[{"embeddable":true,"href":"https:\/\/pop-co.fr\/index.php\/wp-json\/wp\/v2\/comments?post=10370"}],"version-history":[{"count":0,"href":"https:\/\/pop-co.fr\/index.php\/wp-json\/wp\/v2\/product\/10370\/revisions"}],"wp:featuredmedia":[{"embeddable":true,"href":"https:\/\/pop-co.fr\/index.php\/wp-json\/wp\/v2\/media\/152022"}],"wp:attachment":[{"href":"https:\/\/pop-co.fr\/index.php\/wp-json\/wp\/v2\/media?parent=10370"}],"wp:term":[{"taxonomy":"product_cat","embeddable":true,"href":"https:\/\/pop-co.fr\/index.php\/wp-json\/wp\/v2\/product_cat?post=10370"},{"taxonomy":"product_tag","embeddable":true,"href":"https:\/\/pop-co.fr\/index.php\/wp-json\/wp\/v2\/product_tag?post=10370"}],"curies":[{"name":"wp","href":"https:\/\/api.w.org\/{rel}","templated":true}]}}