{"id":10415,"date":"2024-02-20T20:57:58","date_gmt":"2024-02-20T19:57:58","guid":{"rendered":"https:\/\/pop-co.fr\/index.php\/product\/disney-pop-n1188-minnie-mouse\/"},"modified":"2025-06-28T14:51:30","modified_gmt":"2025-06-28T12:51:30","slug":"disney-pop-n1188-minnie-mouse","status":"publish","type":"product","link":"https:\/\/pop-co.fr\/index.php\/product\/disney-pop-n1188-minnie-mouse\/","title":{"rendered":"DISNEY &#8211; POP N\u00b01188 Minnie Mouse"},"content":{"rendered":"<p>Figurine en vinyle taille environ 9 centim\u00e8tres de haut, avec emballage bo\u00eete-fen\u00eatre.<\/p>\n<p>Mod\u00e8le de la collection POP! du fabricant Funko. <\/p>\n<p>Au premier rang de l&rsquo;impressionnante gamme de personnages de Disney, Mickey Mouse a \u00e9t\u00e9 ador\u00e9 pendant des d\u00e9cennies par les fans des contes magiques de Disney. Les personnages au design imaginatif qui ont accompagn\u00e9 Mickey dans ses aventures au fil des ans ne sont pas moins impressionnants ! Exquis\u00e9ment adorables et tout \u00e0 fait inoubliables, ces personnages intemporels ont \u00e9gay\u00e9 l&rsquo;enfance et le temps des histoires dans le monde entier !<\/p>\n<p>Classe, enjou\u00e9e et particuli\u00e8rement gentille, Minnie Mouse est une ic\u00f4ne de la gamme de dessins anim\u00e9s de Disney depuis ses d\u00e9buts en 1928. Brillamment recr\u00e9\u00e9e par Funko dans son style Pop ! Vinyl, cette adorable ic\u00f4ne est pr\u00eate \u00e0 rejoindre votre collection Disney.<\/p>\n<p>D&rsquo;une hauteur d&rsquo;environ 3,75 pouces et avec une peinture vibrante, c&rsquo;est un must pour tout vrai fan de Disney !<\/p>\n<p>Au premier rang de l&rsquo;impressionnante gamme de personnages de Disney, Mickey Mouse a \u00e9t\u00e9 ador\u00e9 pendant des d\u00e9cennies par les fans des contes magiques de Disney. Les personnages au design imaginatif qui ont accompagn\u00e9 Mickey dans ses aventures au fil des ans ne sont pas moins impressionnants ! Exquis\u00e9ment adorables et tout \u00e0 fait inoubliables, ces personnages intemporels ont \u00e9gay\u00e9 l&rsquo;enfance et le temps des histoires dans le monde entier !<\/p>\n<p>Classe, enjou\u00e9e et particuli\u00e8rement gentille, Minnie Mouse est une ic\u00f4ne de la gamme de dessins anim\u00e9s de Disney depuis ses d\u00e9buts en 1928. Brillamment recr\u00e9\u00e9e par Funko dans son style Pop ! Vinyl, cette adorable ic\u00f4ne est pr\u00eate \u00e0 rejoindre votre collection Disney.<\/p>\n<p>D&rsquo;une hauteur d&rsquo;environ 3,75 pouces et avec une peinture vibrante, c&rsquo;est un must pour tout vrai fan de Disney !<\/p>\n","protected":false},"excerpt":{"rendered":"<p>Figurine en vinyle taille environ 9 centim\u00e8tres de haut, avec emballage bo\u00eete-fen\u00eatre. Mod\u00e8le de la collection POP! du fabricant Funko. Au premier rang de l&rsquo;impressionnante gamme de personnages de Disney, Mickey Mouse a \u00e9t\u00e9 ador\u00e9 pendant des d\u00e9cennies par les fans des contes magiques de Disney. Les personnages au design imaginatif qui ont accompagn\u00e9 Mickey [&hellip;]<\/p>\n","protected":false},"featured_media":275850,"comment_status":"open","ping_status":"closed","template":"","meta":[],"product_cat":[29],"product_tag":[],"aioseo_notices":[],"jetpack_sharing_enabled":true,"_links":{"self":[{"href":"https:\/\/pop-co.fr\/index.php\/wp-json\/wp\/v2\/product\/10415"}],"collection":[{"href":"https:\/\/pop-co.fr\/index.php\/wp-json\/wp\/v2\/product"}],"about":[{"href":"https:\/\/pop-co.fr\/index.php\/wp-json\/wp\/v2\/types\/product"}],"replies":[{"embeddable":true,"href":"https:\/\/pop-co.fr\/index.php\/wp-json\/wp\/v2\/comments?post=10415"}],"version-history":[{"count":0,"href":"https:\/\/pop-co.fr\/index.php\/wp-json\/wp\/v2\/product\/10415\/revisions"}],"wp:featuredmedia":[{"embeddable":true,"href":"https:\/\/pop-co.fr\/index.php\/wp-json\/wp\/v2\/media\/275850"}],"wp:attachment":[{"href":"https:\/\/pop-co.fr\/index.php\/wp-json\/wp\/v2\/media?parent=10415"}],"wp:term":[{"taxonomy":"product_cat","embeddable":true,"href":"https:\/\/pop-co.fr\/index.php\/wp-json\/wp\/v2\/product_cat?post=10415"},{"taxonomy":"product_tag","embeddable":true,"href":"https:\/\/pop-co.fr\/index.php\/wp-json\/wp\/v2\/product_tag?post=10415"}],"curies":[{"name":"wp","href":"https:\/\/api.w.org\/{rel}","templated":true}]}}