{"id":10487,"date":"2024-02-20T20:59:25","date_gmt":"2024-02-20T19:59:25","guid":{"rendered":"https:\/\/pop-co.fr\/index.php\/product\/sac-a-dos-loungefly-charlie-et-la-chocolaterie-personnages-chibi-50eme-anniversaire\/"},"modified":"2025-07-29T10:39:24","modified_gmt":"2025-07-29T08:39:24","slug":"sac-a-dos-loungefly-charlie-et-la-chocolaterie-personnages-chibi-50eme-anniversaire","status":"publish","type":"product","link":"https:\/\/pop-co.fr\/index.php\/product\/sac-a-dos-loungefly-charlie-et-la-chocolaterie-personnages-chibi-50eme-anniversaire\/","title":{"rendered":"SAC A DOS LOUNGEFLY &#8211; CHARLIE ET LA CHOCOLATERIE &#8211; Personnages chibi (50eme Anniversaire)"},"content":{"rendered":"<p>Caract\u00e9ristiques du produit :<br \/>\nFaux cuir<br \/>\nBretelles r\u00e9glables<br \/>\nAppliques et broderies<br \/>\nD\u00e9tails imprim\u00e9s<\/p>\n","protected":false},"excerpt":{"rendered":"<p>Caract\u00e9ristiques du produit : Faux cuir Bretelles r\u00e9glables Appliques et broderies D\u00e9tails imprim\u00e9s<\/p>\n","protected":false},"featured_media":355575,"comment_status":"open","ping_status":"closed","template":"","meta":[],"product_cat":[48,47],"product_tag":[],"aioseo_notices":[],"jetpack_sharing_enabled":true,"_links":{"self":[{"href":"https:\/\/pop-co.fr\/index.php\/wp-json\/wp\/v2\/product\/10487"}],"collection":[{"href":"https:\/\/pop-co.fr\/index.php\/wp-json\/wp\/v2\/product"}],"about":[{"href":"https:\/\/pop-co.fr\/index.php\/wp-json\/wp\/v2\/types\/product"}],"replies":[{"embeddable":true,"href":"https:\/\/pop-co.fr\/index.php\/wp-json\/wp\/v2\/comments?post=10487"}],"version-history":[{"count":0,"href":"https:\/\/pop-co.fr\/index.php\/wp-json\/wp\/v2\/product\/10487\/revisions"}],"wp:featuredmedia":[{"embeddable":true,"href":"https:\/\/pop-co.fr\/index.php\/wp-json\/wp\/v2\/media\/355575"}],"wp:attachment":[{"href":"https:\/\/pop-co.fr\/index.php\/wp-json\/wp\/v2\/media?parent=10487"}],"wp:term":[{"taxonomy":"product_cat","embeddable":true,"href":"https:\/\/pop-co.fr\/index.php\/wp-json\/wp\/v2\/product_cat?post=10487"},{"taxonomy":"product_tag","embeddable":true,"href":"https:\/\/pop-co.fr\/index.php\/wp-json\/wp\/v2\/product_tag?post=10487"}],"curies":[{"name":"wp","href":"https:\/\/api.w.org\/{rel}","templated":true}]}}