{"id":10492,"date":"2024-02-20T20:59:29","date_gmt":"2024-02-20T19:59:29","guid":{"rendered":"https:\/\/pop-co.fr\/index.php\/product\/sac-a-dos-loungefly-nickelodeon-les-razmoket-30eme-anniversaire\/"},"modified":"2025-07-25T10:54:49","modified_gmt":"2025-07-25T08:54:49","slug":"sac-a-dos-loungefly-nickelodeon-les-razmoket-30eme-anniversaire","status":"publish","type":"product","link":"https:\/\/pop-co.fr\/index.php\/product\/sac-a-dos-loungefly-nickelodeon-les-razmoket-30eme-anniversaire\/","title":{"rendered":"SAC A DOS LOUNGEFLY &#8211; NICKELODEON &#8211; Les Razmoket (30eme anniversaire)"},"content":{"rendered":"<p>Caract\u00e9ristiques du produit :<\/p>\n<p>Faux cuir<br \/>\nBretelles r\u00e9glables<br \/>\nAppliques et broderies<br \/>\nD\u00e9tails imprim\u00e9s<\/p>\n","protected":false},"excerpt":{"rendered":"<p>Caract\u00e9ristiques du produit : Faux cuir Bretelles r\u00e9glables Appliques et broderies D\u00e9tails imprim\u00e9s<\/p>\n","protected":false},"featured_media":355172,"comment_status":"open","ping_status":"closed","template":"","meta":[],"product_cat":[47,48],"product_tag":[],"aioseo_notices":[],"jetpack_sharing_enabled":true,"_links":{"self":[{"href":"https:\/\/pop-co.fr\/index.php\/wp-json\/wp\/v2\/product\/10492"}],"collection":[{"href":"https:\/\/pop-co.fr\/index.php\/wp-json\/wp\/v2\/product"}],"about":[{"href":"https:\/\/pop-co.fr\/index.php\/wp-json\/wp\/v2\/types\/product"}],"replies":[{"embeddable":true,"href":"https:\/\/pop-co.fr\/index.php\/wp-json\/wp\/v2\/comments?post=10492"}],"version-history":[{"count":0,"href":"https:\/\/pop-co.fr\/index.php\/wp-json\/wp\/v2\/product\/10492\/revisions"}],"wp:featuredmedia":[{"embeddable":true,"href":"https:\/\/pop-co.fr\/index.php\/wp-json\/wp\/v2\/media\/355172"}],"wp:attachment":[{"href":"https:\/\/pop-co.fr\/index.php\/wp-json\/wp\/v2\/media?parent=10492"}],"wp:term":[{"taxonomy":"product_cat","embeddable":true,"href":"https:\/\/pop-co.fr\/index.php\/wp-json\/wp\/v2\/product_cat?post=10492"},{"taxonomy":"product_tag","embeddable":true,"href":"https:\/\/pop-co.fr\/index.php\/wp-json\/wp\/v2\/product_tag?post=10492"}],"curies":[{"name":"wp","href":"https:\/\/api.w.org\/{rel}","templated":true}]}}