{"id":110094,"date":"2024-06-18T10:58:05","date_gmt":"2024-06-18T08:58:05","guid":{"rendered":"https:\/\/pop-co.fr\/index.php\/product\/carnet-hokusai-la-grande-vague-de-kanagawa-2\/"},"modified":"2025-06-28T12:36:45","modified_gmt":"2025-06-28T10:36:45","slug":"carnet-hokusai-la-grande-vague-de-kanagawa-2","status":"publish","type":"product","link":"https:\/\/pop-co.fr\/index.php\/product\/carnet-hokusai-la-grande-vague-de-kanagawa-2\/","title":{"rendered":"CARNET &#8211; HOKUSAI &#8211; La Grande Vague de Kanagawa"},"content":{"rendered":"<p>Carnet de La Grande Vague de Kanagawa, contient 120 pages avec couverture souple. <\/p>\n<p>Retrouvez sur la premi\u00e8re de couverture la c\u00e9l\u00e8bre oeuvre avec un laminage dor\u00e9. Un design est pr\u00e9sent sur chaque page du carnet ainsi que sur la quatri\u00e8me de couverture.<\/p>\n<p>Mati\u00e8re : Papier<br \/>\nDimensions : 21 x 14.50 x 1 cm<\/p>\n","protected":false},"excerpt":{"rendered":"<p>Carnet de La Grande Vague de Kanagawa, contient 120 pages avec couverture souple. Retrouvez sur la premi\u00e8re de couverture la c\u00e9l\u00e8bre oeuvre avec un laminage dor\u00e9. Un design est pr\u00e9sent sur chaque page du carnet ainsi que sur la quatri\u00e8me de couverture. Mati\u00e8re : Papier Dimensions : 21 x 14.50 x 1 cm<\/p>\n","protected":false},"featured_media":179054,"comment_status":"open","ping_status":"closed","template":"","meta":[],"product_cat":[82,39],"product_tag":[],"aioseo_notices":[],"jetpack_sharing_enabled":true,"_links":{"self":[{"href":"https:\/\/pop-co.fr\/index.php\/wp-json\/wp\/v2\/product\/110094"}],"collection":[{"href":"https:\/\/pop-co.fr\/index.php\/wp-json\/wp\/v2\/product"}],"about":[{"href":"https:\/\/pop-co.fr\/index.php\/wp-json\/wp\/v2\/types\/product"}],"replies":[{"embeddable":true,"href":"https:\/\/pop-co.fr\/index.php\/wp-json\/wp\/v2\/comments?post=110094"}],"version-history":[{"count":0,"href":"https:\/\/pop-co.fr\/index.php\/wp-json\/wp\/v2\/product\/110094\/revisions"}],"wp:featuredmedia":[{"embeddable":true,"href":"https:\/\/pop-co.fr\/index.php\/wp-json\/wp\/v2\/media\/179054"}],"wp:attachment":[{"href":"https:\/\/pop-co.fr\/index.php\/wp-json\/wp\/v2\/media?parent=110094"}],"wp:term":[{"taxonomy":"product_cat","embeddable":true,"href":"https:\/\/pop-co.fr\/index.php\/wp-json\/wp\/v2\/product_cat?post=110094"},{"taxonomy":"product_tag","embeddable":true,"href":"https:\/\/pop-co.fr\/index.php\/wp-json\/wp\/v2\/product_tag?post=110094"}],"curies":[{"name":"wp","href":"https:\/\/api.w.org\/{rel}","templated":true}]}}