{"id":11029,"date":"2024-02-20T21:10:45","date_gmt":"2024-02-20T20:10:45","guid":{"rendered":"https:\/\/pop-co.fr\/index.php\/product\/puzzle-3d-pokemon-pokeball\/"},"modified":"2024-02-20T21:10:45","modified_gmt":"2024-02-20T20:10:45","slug":"puzzle-3d-pokemon-pokeball","status":"publish","type":"product","link":"https:\/\/pop-co.fr\/index.php\/product\/puzzle-3d-pokemon-pokeball\/","title":{"rendered":"PUZZLE 3D &#8211; POKEMON &#8211; Pok\u00e9ball"},"content":{"rendered":"<p>Un puzzle 3D de 54 pi\u00e8ces aux couleurs de la c\u00e9l\u00e8bre Pok\u00e9 Ball de l&rsquo;univers Pok\u00e9mon. Chaque puzzle est constitu\u00e9 de 54 pi\u00e8ces de plastique incurv\u00e9es et num\u00e9rot\u00e9es, qui forment une sph\u00e8re \u00e0 l&rsquo;effigie de l&rsquo;univers Pok\u00e9mon. Une fois mont\u00e9, le puzzle 3D rond tient sans colle et peut-\u00eatre expos\u00e9 sur son support inclus.<\/p>\n","protected":false},"excerpt":{"rendered":"<p>Un puzzle 3D de 54 pi\u00e8ces aux couleurs de la c\u00e9l\u00e8bre Pok\u00e9 Ball de l&rsquo;univers Pok\u00e9mon. Chaque puzzle est constitu\u00e9 de 54 pi\u00e8ces de plastique incurv\u00e9es et num\u00e9rot\u00e9es, qui forment une sph\u00e8re \u00e0 l&rsquo;effigie de l&rsquo;univers Pok\u00e9mon. Une fois mont\u00e9, le puzzle 3D rond tient sans colle et peut-\u00eatre expos\u00e9 sur son support inclus.<\/p>\n","protected":false},"featured_media":11027,"comment_status":"open","ping_status":"closed","template":"","meta":[],"product_cat":[34,20],"product_tag":[],"aioseo_notices":[],"jetpack_sharing_enabled":true,"_links":{"self":[{"href":"https:\/\/pop-co.fr\/index.php\/wp-json\/wp\/v2\/product\/11029"}],"collection":[{"href":"https:\/\/pop-co.fr\/index.php\/wp-json\/wp\/v2\/product"}],"about":[{"href":"https:\/\/pop-co.fr\/index.php\/wp-json\/wp\/v2\/types\/product"}],"replies":[{"embeddable":true,"href":"https:\/\/pop-co.fr\/index.php\/wp-json\/wp\/v2\/comments?post=11029"}],"version-history":[{"count":0,"href":"https:\/\/pop-co.fr\/index.php\/wp-json\/wp\/v2\/product\/11029\/revisions"}],"wp:featuredmedia":[{"embeddable":true,"href":"https:\/\/pop-co.fr\/index.php\/wp-json\/wp\/v2\/media\/11027"}],"wp:attachment":[{"href":"https:\/\/pop-co.fr\/index.php\/wp-json\/wp\/v2\/media?parent=11029"}],"wp:term":[{"taxonomy":"product_cat","embeddable":true,"href":"https:\/\/pop-co.fr\/index.php\/wp-json\/wp\/v2\/product_cat?post=11029"},{"taxonomy":"product_tag","embeddable":true,"href":"https:\/\/pop-co.fr\/index.php\/wp-json\/wp\/v2\/product_tag?post=11029"}],"curies":[{"name":"wp","href":"https:\/\/api.w.org\/{rel}","templated":true}]}}