{"id":11051,"date":"2024-02-20T21:11:10","date_gmt":"2024-02-20T20:11:10","guid":{"rendered":"https:\/\/pop-co.fr\/index.php\/product\/portefeuille-loungefly-mha-deku-infinity-cosplay\/"},"modified":"2025-07-29T10:39:02","modified_gmt":"2025-07-29T08:39:02","slug":"portefeuille-loungefly-mha-deku-infinity-cosplay","status":"publish","type":"product","link":"https:\/\/pop-co.fr\/index.php\/product\/portefeuille-loungefly-mha-deku-infinity-cosplay\/","title":{"rendered":"PORTEFEUILLE LOUNGEFLY &#8211; MHA &#8211; Deku infinity (cosplay)"},"content":{"rendered":"<p>D\u00e9foncez-les ! Portez ce portefeuille Cosplay My Hero Academia Pop ! by Loungefly Deku Infinity pour gagner la journ\u00e9e.<br \/>\nQue vous vous rendiez \u00e0 un entra\u00eenement de h\u00e9ros ou que vous fassiez une excursion d&rsquo;une journ\u00e9e, ce portefeuille s\u00e9curisera vos objets de valeur, vous permettant de ne jamais abandonner, \u00e0 la mani\u00e8re de Deku.<br \/>\nSur le devant, Deku prend vie dans les d\u00e9tails de l&rsquo;applique, ses cheveux se dressant sur le dessus.<br \/>\nDerri\u00e8re lui, Eri lui donne de la force. Des \u00e9clairs l&rsquo;entourent lorsqu&rsquo;il utilise One for All, et les d\u00e9tails entourent le dos.<br \/>\nDans l&rsquo;obscurit\u00e9, le remplissage d&rsquo;\u00e9clairs bleus brille !<br \/>\nSi vous ouvrez l&rsquo;int\u00e9rieur, vous trouverez 4 fentes pour transporter des cartes et une fente transparente pour contenir votre carte d&rsquo;identit\u00e9.<br \/>\nC&rsquo;est l&rsquo;accessoire parfait pour un voyage \u00e0 l&rsquo;entra\u00eenement de Pro Hero &#8211; ou pour transformer les sorties de tous les jours en aventures spectaculaires.<br \/>\nLe porte-monnaie My Hero Academia Pop ! by Loungefly Deku Infinity Cosplay est fabriqu\u00e9 en cuir v\u00e9g\u00e9talien (polyur\u00e9thane).<br \/>\nIl se ferme \u00e0 l&rsquo;aide d&rsquo;une fermeture \u00e9clair, est dot\u00e9 d&rsquo;une quincaillerie m\u00e9tallique argent\u00e9e brillante et pr\u00e9sente des d\u00e9tails appliqu\u00e9s, imprim\u00e9s et phosphorescents.<br \/>\nNotez le motif coordonn\u00e9 du tissu de la doublure int\u00e9rieure.<br \/>\nCe porte-monnaie est un produit My Hero Academia sous licence officielle.<br \/>\nDimensions du portefeuille : 15.2cmL x 9.5cmH (Veuillez noter que la largeur est mesur\u00e9e \u00e0 travers le fond du portefeuille).<\/p>\n","protected":false},"excerpt":{"rendered":"<p>D\u00e9foncez-les ! Portez ce portefeuille Cosplay My Hero Academia Pop ! by Loungefly Deku Infinity pour gagner la journ\u00e9e. Que vous vous rendiez \u00e0 un entra\u00eenement de h\u00e9ros ou que vous fassiez une excursion d&rsquo;une journ\u00e9e, ce portefeuille s\u00e9curisera vos objets de valeur, vous permettant de ne jamais abandonner, \u00e0 la mani\u00e8re de Deku. Sur [&hellip;]<\/p>\n","protected":false},"featured_media":355564,"comment_status":"open","ping_status":"closed","template":"","meta":[],"product_cat":[47,48],"product_tag":[],"aioseo_notices":[],"jetpack_sharing_enabled":true,"_links":{"self":[{"href":"https:\/\/pop-co.fr\/index.php\/wp-json\/wp\/v2\/product\/11051"}],"collection":[{"href":"https:\/\/pop-co.fr\/index.php\/wp-json\/wp\/v2\/product"}],"about":[{"href":"https:\/\/pop-co.fr\/index.php\/wp-json\/wp\/v2\/types\/product"}],"replies":[{"embeddable":true,"href":"https:\/\/pop-co.fr\/index.php\/wp-json\/wp\/v2\/comments?post=11051"}],"version-history":[{"count":0,"href":"https:\/\/pop-co.fr\/index.php\/wp-json\/wp\/v2\/product\/11051\/revisions"}],"wp:featuredmedia":[{"embeddable":true,"href":"https:\/\/pop-co.fr\/index.php\/wp-json\/wp\/v2\/media\/355564"}],"wp:attachment":[{"href":"https:\/\/pop-co.fr\/index.php\/wp-json\/wp\/v2\/media?parent=11051"}],"wp:term":[{"taxonomy":"product_cat","embeddable":true,"href":"https:\/\/pop-co.fr\/index.php\/wp-json\/wp\/v2\/product_cat?post=11051"},{"taxonomy":"product_tag","embeddable":true,"href":"https:\/\/pop-co.fr\/index.php\/wp-json\/wp\/v2\/product_tag?post=11051"}],"curies":[{"name":"wp","href":"https:\/\/api.w.org\/{rel}","templated":true}]}}