{"id":11086,"date":"2024-02-20T21:11:47","date_gmt":"2024-02-20T20:11:47","guid":{"rendered":"https:\/\/pop-co.fr\/index.php\/product\/puzzle-pokemon-pokedex-kanto-500pcs\/"},"modified":"2024-02-20T21:11:47","modified_gmt":"2024-02-20T20:11:47","slug":"puzzle-pokemon-pokedex-kanto-500pcs","status":"publish","type":"product","link":"https:\/\/pop-co.fr\/index.php\/product\/puzzle-pokemon-pokedex-kanto-500pcs\/","title":{"rendered":"PUZZLE &#8211; POKEMON &#8211; Pok\u00e9dex Kanto (500pcs)"},"content":{"rendered":"<p>Pour les puzzleurs occasionnels et les adolescents, le format 500 pi\u00e8ces est id\u00e9al pour profiter de l&rsquo;activit\u00e9 du puzzle, propice \u00e0 la d\u00e9tente et \u00e0 la relaxation. Chaque pi\u00e8ce a une forme unique et permet un assemblage parfait de l&rsquo;image choisie.<\/p>\n","protected":false},"excerpt":{"rendered":"<p>Pour les puzzleurs occasionnels et les adolescents, le format 500 pi\u00e8ces est id\u00e9al pour profiter de l&rsquo;activit\u00e9 du puzzle, propice \u00e0 la d\u00e9tente et \u00e0 la relaxation. Chaque pi\u00e8ce a une forme unique et permet un assemblage parfait de l&rsquo;image choisie.<\/p>\n","protected":false},"featured_media":11084,"comment_status":"open","ping_status":"closed","template":"","meta":[],"product_cat":[34,20],"product_tag":[],"aioseo_notices":[],"jetpack_sharing_enabled":true,"_links":{"self":[{"href":"https:\/\/pop-co.fr\/index.php\/wp-json\/wp\/v2\/product\/11086"}],"collection":[{"href":"https:\/\/pop-co.fr\/index.php\/wp-json\/wp\/v2\/product"}],"about":[{"href":"https:\/\/pop-co.fr\/index.php\/wp-json\/wp\/v2\/types\/product"}],"replies":[{"embeddable":true,"href":"https:\/\/pop-co.fr\/index.php\/wp-json\/wp\/v2\/comments?post=11086"}],"version-history":[{"count":0,"href":"https:\/\/pop-co.fr\/index.php\/wp-json\/wp\/v2\/product\/11086\/revisions"}],"wp:featuredmedia":[{"embeddable":true,"href":"https:\/\/pop-co.fr\/index.php\/wp-json\/wp\/v2\/media\/11084"}],"wp:attachment":[{"href":"https:\/\/pop-co.fr\/index.php\/wp-json\/wp\/v2\/media?parent=11086"}],"wp:term":[{"taxonomy":"product_cat","embeddable":true,"href":"https:\/\/pop-co.fr\/index.php\/wp-json\/wp\/v2\/product_cat?post=11086"},{"taxonomy":"product_tag","embeddable":true,"href":"https:\/\/pop-co.fr\/index.php\/wp-json\/wp\/v2\/product_tag?post=11086"}],"curies":[{"name":"wp","href":"https:\/\/api.w.org\/{rel}","templated":true}]}}