{"id":11123,"date":"2024-02-20T21:12:24","date_gmt":"2024-02-20T20:12:24","guid":{"rendered":"https:\/\/pop-co.fr\/index.php\/product\/portefeuille-loungefly-e-t-flowers\/"},"modified":"2025-06-28T14:57:17","modified_gmt":"2025-06-28T12:57:17","slug":"portefeuille-loungefly-e-t-flowers","status":"publish","type":"product","link":"https:\/\/pop-co.fr\/index.php\/product\/portefeuille-loungefly-e-t-flowers\/","title":{"rendered":"PORTEFEUILLE LOUNGEFLY &#8211; E.T. &#8211; Flowers"},"content":{"rendered":"<p>E.T. The Extra Terrestrial &#8211; Portefeuille \u00e0 rabat en similicuir de 4 po en forme de pot de fleurs<\/p>\n<p>Le film \u00e9mouvant de Steven Spielbeg, E.T. l&rsquo;extra-terrestre, sorti en 1982, a inspir\u00e9 la toute nouvelle collection de Loungefly !<\/p>\n<p>Le film raconte l&rsquo;histoire d&rsquo;Elliot, un gar\u00e7on qui se lie d&rsquo;amiti\u00e9 avec un extraterrestre surnomm\u00e9 E.T., qui a \u00e9chou\u00e9 sur Terre. Avec ses amis et sa famille, Elliot doit trouver un moyen d&rsquo;aider E.T. \u00e0 rentrer chez lui tout en \u00e9vitant le gouvernement. Au cours du film, Gertie, la jeune s\u0153ur d&rsquo;Elliot, offre \u00e0 E.T. un pot de fleurs contenant des g\u00e9raniums fan\u00e9s, que l&rsquo;extraterrestre ram\u00e8ne \u00e0 la vie. Ces g\u00e9raniums sont en fait un \u00e9l\u00e9ment cl\u00e9 du film et semblent \u00eatre li\u00e9s \u00e0 la sant\u00e9 d&rsquo;E.T., et symbolisent finalement la vie et la r\u00e9surrection.<\/p>\n<p>Dans l&rsquo;\u00e9mouvante sc\u00e8ne finale du film, E.T. fait ses adieux \u00e0 Elliot et \u00e0 sa famille. Dans cette sc\u00e8ne embl\u00e9matique, il dit \u00e0 Elliot : \u00ab\u00a0Je serai l\u00e0\u00a0\u00bb et pose d\u00e9licatement son doigt allum\u00e9 sur le front du gar\u00e7on. Les deux hommes se s\u00e9parent, et le pot de g\u00e9raniums en pleine floraison embarque avec E.T. dans la maison de l&rsquo;artisanat. Ce dessin c\u00e9l\u00e8bre cette sc\u00e8ne. Au recto, on voit E.T. et le pot de g\u00e9raniums, tandis qu&rsquo;au verso, on aper\u00e7oit la for\u00eat luxuriante dans laquelle atterrit son vaisseau.<\/p>\n<p>Caract\u00e9ristiques du produit :<\/p>\n<p>Faux cuir<br \/>\nApplique<br \/>\nD\u00e9tails imprim\u00e9s<\/p>\n<p>Ramenez E.T. \u00e0 la maison avec vous sous la forme de ce portefeuille g\u00e9nial !<\/p>\n","protected":false},"excerpt":{"rendered":"<p>E.T. The Extra Terrestrial &#8211; Portefeuille \u00e0 rabat en similicuir de 4 po en forme de pot de fleurs Le film \u00e9mouvant de Steven Spielbeg, E.T. l&rsquo;extra-terrestre, sorti en 1982, a inspir\u00e9 la toute nouvelle collection de Loungefly ! Le film raconte l&rsquo;histoire d&rsquo;Elliot, un gar\u00e7on qui se lie d&rsquo;amiti\u00e9 avec un extraterrestre surnomm\u00e9 E.T., [&hellip;]<\/p>\n","protected":false},"featured_media":179588,"comment_status":"open","ping_status":"closed","template":"","meta":[],"product_cat":[48,47],"product_tag":[],"aioseo_notices":[],"jetpack_sharing_enabled":true,"_links":{"self":[{"href":"https:\/\/pop-co.fr\/index.php\/wp-json\/wp\/v2\/product\/11123"}],"collection":[{"href":"https:\/\/pop-co.fr\/index.php\/wp-json\/wp\/v2\/product"}],"about":[{"href":"https:\/\/pop-co.fr\/index.php\/wp-json\/wp\/v2\/types\/product"}],"replies":[{"embeddable":true,"href":"https:\/\/pop-co.fr\/index.php\/wp-json\/wp\/v2\/comments?post=11123"}],"version-history":[{"count":0,"href":"https:\/\/pop-co.fr\/index.php\/wp-json\/wp\/v2\/product\/11123\/revisions"}],"wp:featuredmedia":[{"embeddable":true,"href":"https:\/\/pop-co.fr\/index.php\/wp-json\/wp\/v2\/media\/179588"}],"wp:attachment":[{"href":"https:\/\/pop-co.fr\/index.php\/wp-json\/wp\/v2\/media?parent=11123"}],"wp:term":[{"taxonomy":"product_cat","embeddable":true,"href":"https:\/\/pop-co.fr\/index.php\/wp-json\/wp\/v2\/product_cat?post=11123"},{"taxonomy":"product_tag","embeddable":true,"href":"https:\/\/pop-co.fr\/index.php\/wp-json\/wp\/v2\/product_tag?post=11123"}],"curies":[{"name":"wp","href":"https:\/\/api.w.org\/{rel}","templated":true}]}}