{"id":11126,"date":"2024-02-20T21:12:28","date_gmt":"2024-02-20T20:12:28","guid":{"rendered":"https:\/\/pop-co.fr\/index.php\/product\/sac-a-dos-loungefly-e-t-ill-be-right-here\/"},"modified":"2025-07-29T10:38:46","modified_gmt":"2025-07-29T08:38:46","slug":"sac-a-dos-loungefly-e-t-ill-be-right-here","status":"publish","type":"product","link":"https:\/\/pop-co.fr\/index.php\/product\/sac-a-dos-loungefly-e-t-ill-be-right-here\/","title":{"rendered":"SAC A DOS LOUNGEFLY &#8211; E.T. &#8211; I&rsquo;ll Be Right Here"},"content":{"rendered":"<p>E.T. The Extra Terrestrial &#8211; I&rsquo;ll Be Right Here Mini sac \u00e0 dos en similicuir 10&Prime; phosphorescent dans l&rsquo;obscurit\u00e9<\/p>\n<p>La toute nouvelle collection de Loungefly s&rsquo;inspire du film touchant de Steven Spielbeg, E.T. the Extra Terrestrial, sorti en 1982.<\/p>\n<p>Le film raconte l&rsquo;histoire d&rsquo;Elliot, un gar\u00e7on qui se lie d&rsquo;amiti\u00e9 avec un extraterrestre surnomm\u00e9 E.T., qui a \u00e9chou\u00e9 sur Terre. Avec ses amis et sa famille, Elliot doit trouver un moyen d&rsquo;aider E.T. \u00e0 rentrer chez lui tout en \u00e9vitant le gouvernement. Au cours du film, Gertie, la jeune s\u0153ur d&rsquo;Elliot, offre \u00e0 E.T. un pot de fleurs contenant des g\u00e9raniums fan\u00e9s, que l&rsquo;extraterrestre ram\u00e8ne \u00e0 la vie. Ces g\u00e9raniums sont en fait un \u00e9l\u00e9ment cl\u00e9 du film et semblent \u00eatre li\u00e9s \u00e0 la sant\u00e9 d&rsquo;E.T., et symbolisent finalement la vie et la r\u00e9surrection.<\/p>\n<p>Dans l&rsquo;\u00e9mouvante sc\u00e8ne finale du film, E.T. fait ses adieux \u00e0 Elliot et \u00e0 sa famille. Dans cette sc\u00e8ne embl\u00e9matique, il dit \u00e0 Elliot : \u00ab\u00a0Je serai l\u00e0\u00a0\u00bb et pose d\u00e9licatement son doigt allum\u00e9 sur le front du gar\u00e7on. Les deux hommes se s\u00e9parent, et le pot de g\u00e9raniums en pleine floraison embarque avec E.T. dans le vaisseau. Ce dessin c\u00e9l\u00e8bre cette sc\u00e8ne, des efforts d\u00e9ploy\u00e9s pour amener E.T. \u00e0 son vaisseau spatial \u00e0 la magnifique for\u00eat dans laquelle il atterrit. Devant et au centre, tenu par E.T., se trouve le pot de g\u00e9raniums. Il fait un geste vers vous avec son doigt, qui, tout comme la lune, brille dans le noir !<\/p>\n<p>Caract\u00e9ristiques du produit :<\/p>\n<p>Brille dans le noir<br \/>\nFaux cuir<br \/>\nBretelles r\u00e9glables<br \/>\nAppliques et broderies<br \/>\nD\u00e9tails imprim\u00e9s<\/p>\n<p>Ram\u00e8ne E.T. \u00e0 la maison avec toi sous la forme de ce sac \u00e0 dos g\u00e9nial !<\/p>\n","protected":false},"excerpt":{"rendered":"<p>E.T. The Extra Terrestrial &#8211; I&rsquo;ll Be Right Here Mini sac \u00e0 dos en similicuir 10&Prime; phosphorescent dans l&rsquo;obscurit\u00e9 La toute nouvelle collection de Loungefly s&rsquo;inspire du film touchant de Steven Spielbeg, E.T. the Extra Terrestrial, sorti en 1982. Le film raconte l&rsquo;histoire d&rsquo;Elliot, un gar\u00e7on qui se lie d&rsquo;amiti\u00e9 avec un extraterrestre surnomm\u00e9 E.T., [&hellip;]<\/p>\n","protected":false},"featured_media":355559,"comment_status":"open","ping_status":"closed","template":"","meta":[],"product_cat":[47,48],"product_tag":[],"aioseo_notices":[],"jetpack_sharing_enabled":true,"_links":{"self":[{"href":"https:\/\/pop-co.fr\/index.php\/wp-json\/wp\/v2\/product\/11126"}],"collection":[{"href":"https:\/\/pop-co.fr\/index.php\/wp-json\/wp\/v2\/product"}],"about":[{"href":"https:\/\/pop-co.fr\/index.php\/wp-json\/wp\/v2\/types\/product"}],"replies":[{"embeddable":true,"href":"https:\/\/pop-co.fr\/index.php\/wp-json\/wp\/v2\/comments?post=11126"}],"version-history":[{"count":0,"href":"https:\/\/pop-co.fr\/index.php\/wp-json\/wp\/v2\/product\/11126\/revisions"}],"wp:featuredmedia":[{"embeddable":true,"href":"https:\/\/pop-co.fr\/index.php\/wp-json\/wp\/v2\/media\/355559"}],"wp:attachment":[{"href":"https:\/\/pop-co.fr\/index.php\/wp-json\/wp\/v2\/media?parent=11126"}],"wp:term":[{"taxonomy":"product_cat","embeddable":true,"href":"https:\/\/pop-co.fr\/index.php\/wp-json\/wp\/v2\/product_cat?post=11126"},{"taxonomy":"product_tag","embeddable":true,"href":"https:\/\/pop-co.fr\/index.php\/wp-json\/wp\/v2\/product_tag?post=11126"}],"curies":[{"name":"wp","href":"https:\/\/api.w.org\/{rel}","templated":true}]}}