{"id":11221,"date":"2024-02-20T21:14:35","date_gmt":"2024-02-20T20:14:35","guid":{"rendered":"https:\/\/pop-co.fr\/index.php\/product\/chibi-poster-one-piece-wanted-trafalgar-law\/"},"modified":"2025-08-08T14:59:51","modified_gmt":"2025-08-08T12:59:51","slug":"chibi-poster-one-piece-wanted-trafalgar-law","status":"publish","type":"product","link":"https:\/\/pop-co.fr\/index.php\/product\/chibi-poster-one-piece-wanted-trafalgar-law\/","title":{"rendered":"CHIBI POSTER &#8211; ONE PIECE &#8211; Wanted Trafalgar Law"},"content":{"rendered":"<p>Le journal vient de tomber la nouvelle prime de Law est l\u00e0 ! Apr\u00e8s ses exploits dans le Nouveau Monde avec son \u00e9quipage, le Pirate de la Pire G\u00e9n\u00e9ration poss\u00e8de une prime extraordinaire \u00e0 500 000 000 de berries sur ce poster Wanted One Piece.<\/p>\n<p>&#8211; Excellent grammage : 170 g\/m\u00b2 et pelliculage brillant. Impression haute qualit\u00e9 en offset.<br \/>\n&#8211; Les posters mesurent 52 x 38 cm, en format portrait ou paysage selon les mod\u00e8les.<\/p>\n","protected":false},"excerpt":{"rendered":"<p>Le journal vient de tomber la nouvelle prime de Law est l\u00e0 ! Apr\u00e8s ses exploits dans le Nouveau Monde avec son \u00e9quipage, le Pirate de la Pire G\u00e9n\u00e9ration poss\u00e8de une prime extraordinaire \u00e0 500 000 000 de berries sur ce poster Wanted One Piece. &#8211; Excellent grammage : 170 g\/m\u00b2 et pelliculage brillant. Impression [&hellip;]<\/p>\n","protected":false},"featured_media":357174,"comment_status":"open","ping_status":"closed","template":"","meta":[],"product_cat":[76],"product_tag":[],"aioseo_notices":[],"jetpack_sharing_enabled":true,"_links":{"self":[{"href":"https:\/\/pop-co.fr\/index.php\/wp-json\/wp\/v2\/product\/11221"}],"collection":[{"href":"https:\/\/pop-co.fr\/index.php\/wp-json\/wp\/v2\/product"}],"about":[{"href":"https:\/\/pop-co.fr\/index.php\/wp-json\/wp\/v2\/types\/product"}],"replies":[{"embeddable":true,"href":"https:\/\/pop-co.fr\/index.php\/wp-json\/wp\/v2\/comments?post=11221"}],"version-history":[{"count":0,"href":"https:\/\/pop-co.fr\/index.php\/wp-json\/wp\/v2\/product\/11221\/revisions"}],"wp:featuredmedia":[{"embeddable":true,"href":"https:\/\/pop-co.fr\/index.php\/wp-json\/wp\/v2\/media\/357174"}],"wp:attachment":[{"href":"https:\/\/pop-co.fr\/index.php\/wp-json\/wp\/v2\/media?parent=11221"}],"wp:term":[{"taxonomy":"product_cat","embeddable":true,"href":"https:\/\/pop-co.fr\/index.php\/wp-json\/wp\/v2\/product_cat?post=11221"},{"taxonomy":"product_tag","embeddable":true,"href":"https:\/\/pop-co.fr\/index.php\/wp-json\/wp\/v2\/product_tag?post=11221"}],"curies":[{"name":"wp","href":"https:\/\/api.w.org\/{rel}","templated":true}]}}