{"id":11225,"date":"2024-02-20T21:14:40","date_gmt":"2024-02-20T20:14:40","guid":{"rendered":"https:\/\/pop-co.fr\/index.php\/product\/chibi-poster-one-piece-wanted-chopper\/"},"modified":"2025-09-13T18:41:40","modified_gmt":"2025-09-13T16:41:40","slug":"chibi-poster-one-piece-wanted-chopper","status":"publish","type":"product","link":"https:\/\/pop-co.fr\/index.php\/product\/chibi-poster-one-piece-wanted-chopper\/","title":{"rendered":"CHIBI POSTER &#8211; ONE PIECE &#8211; Wanted Chopper"},"content":{"rendered":"<p>ONE PIECE &#8211; Poster \u00abWanted Chopper\u00bb (52&#215;38)<br \/>\nLe journal vient de tomber la nouvelle prime de Chopper est l\u00e0 ! Apr\u00e8s ses exploits dans le Nouveau Monde, Chopper poss\u00e8de d\u00e9sormais une prime pas si extraordinaire \u00e0 100 berries sur ce poster Wanted One Piece.<\/p>\n<p>&#8211; Excellent grammage : 170 g\/m\u00b2 et pelliculage brillant. Impression haute qualit\u00e9 en offset.<br \/>\n&#8211; Les posters mesurent 52 x 38 cm, en format portrait ou paysage selon les mod\u00e8les.<\/p>\n","protected":false},"excerpt":{"rendered":"<p>ONE PIECE &#8211; Poster \u00abWanted Chopper\u00bb (52&#215;38) Le journal vient de tomber la nouvelle prime de Chopper est l\u00e0 ! Apr\u00e8s ses exploits dans le Nouveau Monde, Chopper poss\u00e8de d\u00e9sormais une prime pas si extraordinaire \u00e0 100 berries sur ce poster Wanted One Piece. &#8211; Excellent grammage : 170 g\/m\u00b2 et pelliculage brillant. Impression haute [&hellip;]<\/p>\n","protected":false},"featured_media":358525,"comment_status":"open","ping_status":"closed","template":"","meta":[],"product_cat":[76],"product_tag":[],"aioseo_notices":[],"jetpack_sharing_enabled":true,"_links":{"self":[{"href":"https:\/\/pop-co.fr\/index.php\/wp-json\/wp\/v2\/product\/11225"}],"collection":[{"href":"https:\/\/pop-co.fr\/index.php\/wp-json\/wp\/v2\/product"}],"about":[{"href":"https:\/\/pop-co.fr\/index.php\/wp-json\/wp\/v2\/types\/product"}],"replies":[{"embeddable":true,"href":"https:\/\/pop-co.fr\/index.php\/wp-json\/wp\/v2\/comments?post=11225"}],"version-history":[{"count":0,"href":"https:\/\/pop-co.fr\/index.php\/wp-json\/wp\/v2\/product\/11225\/revisions"}],"wp:featuredmedia":[{"embeddable":true,"href":"https:\/\/pop-co.fr\/index.php\/wp-json\/wp\/v2\/media\/358525"}],"wp:attachment":[{"href":"https:\/\/pop-co.fr\/index.php\/wp-json\/wp\/v2\/media?parent=11225"}],"wp:term":[{"taxonomy":"product_cat","embeddable":true,"href":"https:\/\/pop-co.fr\/index.php\/wp-json\/wp\/v2\/product_cat?post=11225"},{"taxonomy":"product_tag","embeddable":true,"href":"https:\/\/pop-co.fr\/index.php\/wp-json\/wp\/v2\/product_tag?post=11225"}],"curies":[{"name":"wp","href":"https:\/\/api.w.org\/{rel}","templated":true}]}}