{"id":112280,"date":"2024-06-22T14:12:04","date_gmt":"2024-06-22T12:12:04","guid":{"rendered":"https:\/\/pop-co.fr\/index.php\/product\/diamond-painting-disney-belle-la-belle-et-la-bete\/"},"modified":"2025-07-29T11:52:30","modified_gmt":"2025-07-29T09:52:30","slug":"diamond-painting-disney-belle-la-belle-et-la-bete","status":"publish","type":"product","link":"https:\/\/pop-co.fr\/index.php\/product\/diamond-painting-disney-belle-la-belle-et-la-bete\/","title":{"rendered":"DIAMOND PAINTING &#8211; DISNEY &#8211; Belle (La belle et la b\u00eate)"},"content":{"rendered":"<p>Figurines d&rsquo;art en cristal CRAFT BUDDY : l\u00e0 o\u00f9 l&rsquo;artisanat rencontre les jouets \u00e0 collectionner. Les figurines en bois \u00e0 collectionner, id\u00e9ales pour les enfants et les adultes, peuvent \u00eatre fabriqu\u00e9es en 20 \u00e0 30 minutes.<\/p>\n","protected":false},"excerpt":{"rendered":"<p>Figurines d&rsquo;art en cristal CRAFT BUDDY : l\u00e0 o\u00f9 l&rsquo;artisanat rencontre les jouets \u00e0 collectionner. Les figurines en bois \u00e0 collectionner, id\u00e9ales pour les enfants et les adultes, peuvent \u00eatre fabriqu\u00e9es en 20 \u00e0 30 minutes.<\/p>\n","protected":false},"featured_media":356462,"comment_status":"open","ping_status":"closed","template":"","meta":[],"product_cat":[29],"product_tag":[],"aioseo_notices":[],"jetpack_sharing_enabled":true,"_links":{"self":[{"href":"https:\/\/pop-co.fr\/index.php\/wp-json\/wp\/v2\/product\/112280"}],"collection":[{"href":"https:\/\/pop-co.fr\/index.php\/wp-json\/wp\/v2\/product"}],"about":[{"href":"https:\/\/pop-co.fr\/index.php\/wp-json\/wp\/v2\/types\/product"}],"replies":[{"embeddable":true,"href":"https:\/\/pop-co.fr\/index.php\/wp-json\/wp\/v2\/comments?post=112280"}],"version-history":[{"count":0,"href":"https:\/\/pop-co.fr\/index.php\/wp-json\/wp\/v2\/product\/112280\/revisions"}],"wp:featuredmedia":[{"embeddable":true,"href":"https:\/\/pop-co.fr\/index.php\/wp-json\/wp\/v2\/media\/356462"}],"wp:attachment":[{"href":"https:\/\/pop-co.fr\/index.php\/wp-json\/wp\/v2\/media?parent=112280"}],"wp:term":[{"taxonomy":"product_cat","embeddable":true,"href":"https:\/\/pop-co.fr\/index.php\/wp-json\/wp\/v2\/product_cat?post=112280"},{"taxonomy":"product_tag","embeddable":true,"href":"https:\/\/pop-co.fr\/index.php\/wp-json\/wp\/v2\/product_tag?post=112280"}],"curies":[{"name":"wp","href":"https:\/\/api.w.org\/{rel}","templated":true}]}}