{"id":112313,"date":"2024-06-22T14:14:29","date_gmt":"2024-06-22T12:14:29","guid":{"rendered":"https:\/\/pop-co.fr\/index.php\/product\/fleur-de-douche-nbx-jack-skellington\/"},"modified":"2025-07-31T18:54:24","modified_gmt":"2025-07-31T16:54:24","slug":"fleur-de-douche-nbx-jack-skellington","status":"publish","type":"product","link":"https:\/\/pop-co.fr\/index.php\/product\/fleur-de-douche-nbx-jack-skellington\/","title":{"rendered":"FLEUR DE DOUCHE &#8211; NBX &#8211; Jack Skellington"},"content":{"rendered":"<p>Passez un bon moment dans le bain ou sous la douche avec cette bouff\u00e9e corporelle amusante inspir\u00e9e de Jack. Appliquez simplement votre nettoyant pour le corps pr\u00e9f\u00e9r\u00e9 et faites mousser !<\/p>\n","protected":false},"excerpt":{"rendered":"<p>Passez un bon moment dans le bain ou sous la douche avec cette bouff\u00e9e corporelle amusante inspir\u00e9e de Jack. Appliquez simplement votre nettoyant pour le corps pr\u00e9f\u00e9r\u00e9 et faites mousser !<\/p>\n","protected":false},"featured_media":356953,"comment_status":"open","ping_status":"closed","template":"","meta":[],"product_cat":[29,31],"product_tag":[],"aioseo_notices":[],"jetpack_sharing_enabled":true,"_links":{"self":[{"href":"https:\/\/pop-co.fr\/index.php\/wp-json\/wp\/v2\/product\/112313"}],"collection":[{"href":"https:\/\/pop-co.fr\/index.php\/wp-json\/wp\/v2\/product"}],"about":[{"href":"https:\/\/pop-co.fr\/index.php\/wp-json\/wp\/v2\/types\/product"}],"replies":[{"embeddable":true,"href":"https:\/\/pop-co.fr\/index.php\/wp-json\/wp\/v2\/comments?post=112313"}],"version-history":[{"count":0,"href":"https:\/\/pop-co.fr\/index.php\/wp-json\/wp\/v2\/product\/112313\/revisions"}],"wp:featuredmedia":[{"embeddable":true,"href":"https:\/\/pop-co.fr\/index.php\/wp-json\/wp\/v2\/media\/356953"}],"wp:attachment":[{"href":"https:\/\/pop-co.fr\/index.php\/wp-json\/wp\/v2\/media?parent=112313"}],"wp:term":[{"taxonomy":"product_cat","embeddable":true,"href":"https:\/\/pop-co.fr\/index.php\/wp-json\/wp\/v2\/product_cat?post=112313"},{"taxonomy":"product_tag","embeddable":true,"href":"https:\/\/pop-co.fr\/index.php\/wp-json\/wp\/v2\/product_tag?post=112313"}],"curies":[{"name":"wp","href":"https:\/\/api.w.org\/{rel}","templated":true}]}}