{"id":112315,"date":"2024-06-22T14:14:45","date_gmt":"2024-06-22T12:14:45","guid":{"rendered":"https:\/\/pop-co.fr\/index.php\/product\/fleur-de-douche-disney-simba-le-roi-lion\/"},"modified":"2025-07-29T11:25:33","modified_gmt":"2025-07-29T09:25:33","slug":"fleur-de-douche-disney-simba-le-roi-lion","status":"publish","type":"product","link":"https:\/\/pop-co.fr\/index.php\/product\/fleur-de-douche-disney-simba-le-roi-lion\/","title":{"rendered":"FLEUR DE DOUCHE &#8211; DISNEY &#8211; Simba (Le roi lion)"},"content":{"rendered":"<p>Ces bouff\u00e9es de douche amusantes et conviviales sont l&rsquo;accessoire parfait sous la douche pour \u00e9gayer votre journ\u00e9e et \u00e9liminer vos soucis. Choisissez parmi Simba ou Pumbaa et appliquez votre nettoyant pour douche pr\u00e9f\u00e9r\u00e9 pour nettoyer de la pointe aux pieds.<\/p>\n","protected":false},"excerpt":{"rendered":"<p>Ces bouff\u00e9es de douche amusantes et conviviales sont l&rsquo;accessoire parfait sous la douche pour \u00e9gayer votre journ\u00e9e et \u00e9liminer vos soucis. Choisissez parmi Simba ou Pumbaa et appliquez votre nettoyant pour douche pr\u00e9f\u00e9r\u00e9 pour nettoyer de la pointe aux pieds.<\/p>\n","protected":false},"featured_media":356440,"comment_status":"open","ping_status":"closed","template":"","meta":[],"product_cat":[29],"product_tag":[],"aioseo_notices":[],"jetpack_sharing_enabled":true,"_links":{"self":[{"href":"https:\/\/pop-co.fr\/index.php\/wp-json\/wp\/v2\/product\/112315"}],"collection":[{"href":"https:\/\/pop-co.fr\/index.php\/wp-json\/wp\/v2\/product"}],"about":[{"href":"https:\/\/pop-co.fr\/index.php\/wp-json\/wp\/v2\/types\/product"}],"replies":[{"embeddable":true,"href":"https:\/\/pop-co.fr\/index.php\/wp-json\/wp\/v2\/comments?post=112315"}],"version-history":[{"count":0,"href":"https:\/\/pop-co.fr\/index.php\/wp-json\/wp\/v2\/product\/112315\/revisions"}],"wp:featuredmedia":[{"embeddable":true,"href":"https:\/\/pop-co.fr\/index.php\/wp-json\/wp\/v2\/media\/356440"}],"wp:attachment":[{"href":"https:\/\/pop-co.fr\/index.php\/wp-json\/wp\/v2\/media?parent=112315"}],"wp:term":[{"taxonomy":"product_cat","embeddable":true,"href":"https:\/\/pop-co.fr\/index.php\/wp-json\/wp\/v2\/product_cat?post=112315"},{"taxonomy":"product_tag","embeddable":true,"href":"https:\/\/pop-co.fr\/index.php\/wp-json\/wp\/v2\/product_tag?post=112315"}],"curies":[{"name":"wp","href":"https:\/\/api.w.org\/{rel}","templated":true}]}}