{"id":112319,"date":"2024-06-22T14:14:58","date_gmt":"2024-06-22T12:14:58","guid":{"rendered":"https:\/\/pop-co.fr\/index.php\/product\/pinceaux-cosmetiques-nbx-pinceaux-x24-support-jack\/"},"modified":"2025-06-28T12:59:42","modified_gmt":"2025-06-28T10:59:42","slug":"pinceaux-cosmetiques-nbx-pinceaux-x24-support-jack","status":"publish","type":"product","link":"https:\/\/pop-co.fr\/index.php\/product\/pinceaux-cosmetiques-nbx-pinceaux-x24-support-jack\/","title":{"rendered":"PINCEAUX COSMETIQUES &#8211; NBX &#8211; Pinceaux x24 + support Jack"},"content":{"rendered":"<p>Cet ensemble de pinceaux cosm\u00e9tiques et son support terriblement amusants sont le cadeau parfait pour les amateurs de maquillage. M\u00e9langez magnifiquement votre look \u00e0 l&rsquo;aide des pinceaux pour blush, fond de teint et fard \u00e0 paupi\u00e8res tout en admirant le porte-pinceau inspir\u00e9 de Jack Skellington.<\/p>\n","protected":false},"excerpt":{"rendered":"<p>Cet ensemble de pinceaux cosm\u00e9tiques et son support terriblement amusants sont le cadeau parfait pour les amateurs de maquillage. M\u00e9langez magnifiquement votre look \u00e0 l&rsquo;aide des pinceaux pour blush, fond de teint et fard \u00e0 paupi\u00e8res tout en admirant le porte-pinceau inspir\u00e9 de Jack Skellington.<\/p>\n","protected":false},"featured_media":252740,"comment_status":"open","ping_status":"closed","template":"","meta":[],"product_cat":[31],"product_tag":[],"aioseo_notices":[],"jetpack_sharing_enabled":true,"_links":{"self":[{"href":"https:\/\/pop-co.fr\/index.php\/wp-json\/wp\/v2\/product\/112319"}],"collection":[{"href":"https:\/\/pop-co.fr\/index.php\/wp-json\/wp\/v2\/product"}],"about":[{"href":"https:\/\/pop-co.fr\/index.php\/wp-json\/wp\/v2\/types\/product"}],"replies":[{"embeddable":true,"href":"https:\/\/pop-co.fr\/index.php\/wp-json\/wp\/v2\/comments?post=112319"}],"version-history":[{"count":0,"href":"https:\/\/pop-co.fr\/index.php\/wp-json\/wp\/v2\/product\/112319\/revisions"}],"wp:featuredmedia":[{"embeddable":true,"href":"https:\/\/pop-co.fr\/index.php\/wp-json\/wp\/v2\/media\/252740"}],"wp:attachment":[{"href":"https:\/\/pop-co.fr\/index.php\/wp-json\/wp\/v2\/media?parent=112319"}],"wp:term":[{"taxonomy":"product_cat","embeddable":true,"href":"https:\/\/pop-co.fr\/index.php\/wp-json\/wp\/v2\/product_cat?post=112319"},{"taxonomy":"product_tag","embeddable":true,"href":"https:\/\/pop-co.fr\/index.php\/wp-json\/wp\/v2\/product_tag?post=112319"}],"curies":[{"name":"wp","href":"https:\/\/api.w.org\/{rel}","templated":true}]}}