{"id":112321,"date":"2024-06-22T14:15:00","date_gmt":"2024-06-22T12:15:00","guid":{"rendered":"https:\/\/pop-co.fr\/index.php\/product\/fleur-de-douche-disney-marie-les-aristochats\/"},"modified":"2025-07-29T11:25:28","modified_gmt":"2025-07-29T09:25:28","slug":"fleur-de-douche-disney-marie-les-aristochats","status":"publish","type":"product","link":"https:\/\/pop-co.fr\/index.php\/product\/fleur-de-douche-disney-marie-les-aristochats\/","title":{"rendered":"FLEUR DE DOUCHE &#8211; DISNEY &#8211; Marie (Les aristochats)"},"content":{"rendered":"<p>Capturant certaines des caract\u00e9ristiques les plus embl\u00e9matiques de Marie, cette houppette de caract\u00e8re vous fera ronronner de plaisir pendant que vous vous douchez.<\/p>\n","protected":false},"excerpt":{"rendered":"<p>Capturant certaines des caract\u00e9ristiques les plus embl\u00e9matiques de Marie, cette houppette de caract\u00e8re vous fera ronronner de plaisir pendant que vous vous douchez.<\/p>\n","protected":false},"featured_media":356437,"comment_status":"open","ping_status":"closed","template":"","meta":[],"product_cat":[29],"product_tag":[],"aioseo_notices":[],"jetpack_sharing_enabled":true,"_links":{"self":[{"href":"https:\/\/pop-co.fr\/index.php\/wp-json\/wp\/v2\/product\/112321"}],"collection":[{"href":"https:\/\/pop-co.fr\/index.php\/wp-json\/wp\/v2\/product"}],"about":[{"href":"https:\/\/pop-co.fr\/index.php\/wp-json\/wp\/v2\/types\/product"}],"replies":[{"embeddable":true,"href":"https:\/\/pop-co.fr\/index.php\/wp-json\/wp\/v2\/comments?post=112321"}],"version-history":[{"count":0,"href":"https:\/\/pop-co.fr\/index.php\/wp-json\/wp\/v2\/product\/112321\/revisions"}],"wp:featuredmedia":[{"embeddable":true,"href":"https:\/\/pop-co.fr\/index.php\/wp-json\/wp\/v2\/media\/356437"}],"wp:attachment":[{"href":"https:\/\/pop-co.fr\/index.php\/wp-json\/wp\/v2\/media?parent=112321"}],"wp:term":[{"taxonomy":"product_cat","embeddable":true,"href":"https:\/\/pop-co.fr\/index.php\/wp-json\/wp\/v2\/product_cat?post=112321"},{"taxonomy":"product_tag","embeddable":true,"href":"https:\/\/pop-co.fr\/index.php\/wp-json\/wp\/v2\/product_tag?post=112321"}],"curies":[{"name":"wp","href":"https:\/\/api.w.org\/{rel}","templated":true}]}}