{"id":112351,"date":"2024-06-22T14:19:41","date_gmt":"2024-06-22T12:19:41","guid":{"rendered":"https:\/\/pop-co.fr\/index.php\/product\/blackpink-pop-n363-rose\/"},"modified":"2025-06-28T13:36:30","modified_gmt":"2025-06-28T11:36:30","slug":"blackpink-pop-n363-rose","status":"publish","type":"product","link":"https:\/\/pop-co.fr\/index.php\/product\/blackpink-pop-n363-rose\/","title":{"rendered":"BLACKPINK &#8211; POP N\u00b0363 Ros\u00e9"},"content":{"rendered":"<p>La sensation K-pop BLACKPINK est arriv\u00e9e pour monter sur sc\u00e8ne dans votre Pop! Rocks collection! R\u00e9unissez Pop! Ros\u00e9 avec le reste du groupe dans votre set musical alors qu&rsquo;elle porte sa tenue de la chanson \u00e0 succ\u00e8s \u00ab Shut Down \u00bb.<\/p>\n","protected":false},"excerpt":{"rendered":"<p>La sensation K-pop BLACKPINK est arriv\u00e9e pour monter sur sc\u00e8ne dans votre Pop! Rocks collection! R\u00e9unissez Pop! Ros\u00e9 avec le reste du groupe dans votre set musical alors qu&rsquo;elle porte sa tenue de la chanson \u00e0 succ\u00e8s \u00ab Shut Down \u00bb.<\/p>\n","protected":false},"featured_media":225967,"comment_status":"open","ping_status":"closed","template":"","meta":[],"product_cat":[66,39],"product_tag":[],"aioseo_notices":[],"jetpack_sharing_enabled":true,"_links":{"self":[{"href":"https:\/\/pop-co.fr\/index.php\/wp-json\/wp\/v2\/product\/112351"}],"collection":[{"href":"https:\/\/pop-co.fr\/index.php\/wp-json\/wp\/v2\/product"}],"about":[{"href":"https:\/\/pop-co.fr\/index.php\/wp-json\/wp\/v2\/types\/product"}],"replies":[{"embeddable":true,"href":"https:\/\/pop-co.fr\/index.php\/wp-json\/wp\/v2\/comments?post=112351"}],"version-history":[{"count":0,"href":"https:\/\/pop-co.fr\/index.php\/wp-json\/wp\/v2\/product\/112351\/revisions"}],"wp:featuredmedia":[{"embeddable":true,"href":"https:\/\/pop-co.fr\/index.php\/wp-json\/wp\/v2\/media\/225967"}],"wp:attachment":[{"href":"https:\/\/pop-co.fr\/index.php\/wp-json\/wp\/v2\/media?parent=112351"}],"wp:term":[{"taxonomy":"product_cat","embeddable":true,"href":"https:\/\/pop-co.fr\/index.php\/wp-json\/wp\/v2\/product_cat?post=112351"},{"taxonomy":"product_tag","embeddable":true,"href":"https:\/\/pop-co.fr\/index.php\/wp-json\/wp\/v2\/product_tag?post=112351"}],"curies":[{"name":"wp","href":"https:\/\/api.w.org\/{rel}","templated":true}]}}