{"id":112574,"date":"2024-06-22T14:44:58","date_gmt":"2024-06-22T12:44:58","guid":{"rendered":"https:\/\/pop-co.fr\/index.php\/product\/maquette-robotime-serre-livre-sakura-densia\/"},"modified":"2025-06-28T12:57:06","modified_gmt":"2025-06-28T10:57:06","slug":"maquette-robotime-serre-livre-sakura-densia","status":"publish","type":"product","link":"https:\/\/pop-co.fr\/index.php\/product\/maquette-robotime-serre-livre-sakura-densia\/","title":{"rendered":"MAQUETTE &#8211; ROBOTIME &#8211; Sakura Densya (serre-livres)"},"content":{"rendered":"<p>Serre-livres DIY. Les serre-livres les plus sp\u00e9ciaux.<br \/>\nUn serre-livres DIY que vous devez assembler vous-m\u00eame pour d\u00e9couvrir le plaisir d&rsquo;une maison de poup\u00e9e miniature DIY.<br \/>\nCe faisant, cela peut vous donner un moyen pratique de mettre en pratique votre pens\u00e9e logique et vos comp\u00e9tences mentales fines.<br \/>\nFabriquer et assembler ce kit de mod\u00e8le est quelque chose dont vous pouvez \u00eatre fier.<br \/>\nObtenez vos propres petits serre-livres d\u00e9taill\u00e9s et bien d\u00e9cor\u00e9s.<\/p>\n<p>Information produit<br \/>\nCaract\u00e9ristiques:<br \/>\nTaille: 18,5 \u00d7 10,0&#215;24,2 cm<br \/>\nPoids : 0,8kg<br \/>\nPi\u00e8ces : 340<br \/>\nContenu de l&#8217;emballage : pi\u00e8ces de bois pr\u00e9d\u00e9coup\u00e9es, instructions en anglais, guirlandes lumineuses chaudes, outils auxiliaires (tournevis et petites pi\u00e8ces).<br \/>\nMat\u00e9riaux principaux : bois, papier, m\u00e9tal<br \/>\n\u00c2ge recommand\u00e9 : 14+<br \/>\nTemps de montage estim\u00e9 : environ 4 \u00e0 6 heures<\/p>\n","protected":false},"excerpt":{"rendered":"<p>Serre-livres DIY. Les serre-livres les plus sp\u00e9ciaux. Un serre-livres DIY que vous devez assembler vous-m\u00eame pour d\u00e9couvrir le plaisir d&rsquo;une maison de poup\u00e9e miniature DIY. Ce faisant, cela peut vous donner un moyen pratique de mettre en pratique votre pens\u00e9e logique et vos comp\u00e9tences mentales fines. Fabriquer et assembler ce kit de mod\u00e8le est quelque [&hellip;]<\/p>\n","protected":false},"featured_media":349367,"comment_status":"open","ping_status":"closed","template":"","meta":[],"product_cat":[82,39],"product_tag":[],"aioseo_notices":[],"jetpack_sharing_enabled":true,"_links":{"self":[{"href":"https:\/\/pop-co.fr\/index.php\/wp-json\/wp\/v2\/product\/112574"}],"collection":[{"href":"https:\/\/pop-co.fr\/index.php\/wp-json\/wp\/v2\/product"}],"about":[{"href":"https:\/\/pop-co.fr\/index.php\/wp-json\/wp\/v2\/types\/product"}],"replies":[{"embeddable":true,"href":"https:\/\/pop-co.fr\/index.php\/wp-json\/wp\/v2\/comments?post=112574"}],"version-history":[{"count":0,"href":"https:\/\/pop-co.fr\/index.php\/wp-json\/wp\/v2\/product\/112574\/revisions"}],"wp:featuredmedia":[{"embeddable":true,"href":"https:\/\/pop-co.fr\/index.php\/wp-json\/wp\/v2\/media\/349367"}],"wp:attachment":[{"href":"https:\/\/pop-co.fr\/index.php\/wp-json\/wp\/v2\/media?parent=112574"}],"wp:term":[{"taxonomy":"product_cat","embeddable":true,"href":"https:\/\/pop-co.fr\/index.php\/wp-json\/wp\/v2\/product_cat?post=112574"},{"taxonomy":"product_tag","embeddable":true,"href":"https:\/\/pop-co.fr\/index.php\/wp-json\/wp\/v2\/product_tag?post=112574"}],"curies":[{"name":"wp","href":"https:\/\/api.w.org\/{rel}","templated":true}]}}