{"id":11271,"date":"2024-02-20T21:15:33","date_gmt":"2024-02-20T20:15:33","guid":{"rendered":"https:\/\/pop-co.fr\/index.php\/product\/chibi-poster-one-piece-wanted-nami\/"},"modified":"2025-07-16T16:18:07","modified_gmt":"2025-07-16T14:18:07","slug":"chibi-poster-one-piece-wanted-nami","status":"publish","type":"product","link":"https:\/\/pop-co.fr\/index.php\/product\/chibi-poster-one-piece-wanted-nami\/","title":{"rendered":"CHIBI POSTER &#8211; ONE PIECE &#8211; Wanted Nami"},"content":{"rendered":"<p>ONE PIECE &#8211; Poster \u00abWanted Nami\u00bb (52&#215;38)<br \/>\nLe journal vient de tomber la nouvelle prime de Nami est l\u00e0 ! Apr\u00e8s ses exploits dans le Nouveau Monde, Nami poss\u00e8de d\u00e9sormais une prime extraordinaire \u00e0 66 000 000 de berries sur ce poster Wanted One Piece.<\/p>\n<p>&#8211; Excellent grammage : 170 g\/m\u00b2 et pelliculage brillant. Impression haute qualit\u00e9 en offset.<br \/>\n&#8211; Les posters mesurent 52 x 38 cm, en format portrait ou paysage selon les mod\u00e8les.<\/p>\n","protected":false},"excerpt":{"rendered":"<p>ONE PIECE &#8211; Poster \u00abWanted Nami\u00bb (52&#215;38) Le journal vient de tomber la nouvelle prime de Nami est l\u00e0 ! Apr\u00e8s ses exploits dans le Nouveau Monde, Nami poss\u00e8de d\u00e9sormais une prime extraordinaire \u00e0 66 000 000 de berries sur ce poster Wanted One Piece. &#8211; Excellent grammage : 170 g\/m\u00b2 et pelliculage brillant. Impression [&hellip;]<\/p>\n","protected":false},"featured_media":354622,"comment_status":"open","ping_status":"closed","template":"","meta":[],"product_cat":[76],"product_tag":[],"aioseo_notices":[],"jetpack_sharing_enabled":true,"_links":{"self":[{"href":"https:\/\/pop-co.fr\/index.php\/wp-json\/wp\/v2\/product\/11271"}],"collection":[{"href":"https:\/\/pop-co.fr\/index.php\/wp-json\/wp\/v2\/product"}],"about":[{"href":"https:\/\/pop-co.fr\/index.php\/wp-json\/wp\/v2\/types\/product"}],"replies":[{"embeddable":true,"href":"https:\/\/pop-co.fr\/index.php\/wp-json\/wp\/v2\/comments?post=11271"}],"version-history":[{"count":0,"href":"https:\/\/pop-co.fr\/index.php\/wp-json\/wp\/v2\/product\/11271\/revisions"}],"wp:featuredmedia":[{"embeddable":true,"href":"https:\/\/pop-co.fr\/index.php\/wp-json\/wp\/v2\/media\/354622"}],"wp:attachment":[{"href":"https:\/\/pop-co.fr\/index.php\/wp-json\/wp\/v2\/media?parent=11271"}],"wp:term":[{"taxonomy":"product_cat","embeddable":true,"href":"https:\/\/pop-co.fr\/index.php\/wp-json\/wp\/v2\/product_cat?post=11271"},{"taxonomy":"product_tag","embeddable":true,"href":"https:\/\/pop-co.fr\/index.php\/wp-json\/wp\/v2\/product_tag?post=11271"}],"curies":[{"name":"wp","href":"https:\/\/api.w.org\/{rel}","templated":true}]}}