{"id":11286,"date":"2024-02-20T21:16:07","date_gmt":"2024-02-20T20:16:07","guid":{"rendered":"https:\/\/pop-co.fr\/index.php\/product\/marques-pages-x4-e-t\/"},"modified":"2025-06-28T14:59:17","modified_gmt":"2025-06-28T12:59:17","slug":"marques-pages-x4-e-t","status":"publish","type":"product","link":"https:\/\/pop-co.fr\/index.php\/product\/marques-pages-x4-e-t\/","title":{"rendered":"MARQUES PAGES X4 &#8211; E.T"},"content":{"rendered":"<p>Mati\u00e8re : Fer inoxydable plaqu\u00e9 argent sans nickel ; plaqu\u00e9 or<br \/>\nLangue sur l\u2019emballage : FR  EN  ES<br \/>\nAge minimum : 14<br \/>\nDimensions du produit dans son carton d\u2019emballage Longueur 21.00cm X Largeur 11.40 cm X Hauteur 3.80 cm<\/p>\n","protected":false},"excerpt":{"rendered":"<p>Mati\u00e8re : Fer inoxydable plaqu\u00e9 argent sans nickel ; plaqu\u00e9 or Langue sur l\u2019emballage : FR EN ES Age minimum : 14 Dimensions du produit dans son carton d\u2019emballage Longueur 21.00cm X Largeur 11.40 cm X Hauteur 3.80 cm<\/p>\n","protected":false},"featured_media":282511,"comment_status":"open","ping_status":"closed","template":"","meta":[],"product_cat":[39,45],"product_tag":[],"aioseo_notices":[],"jetpack_sharing_enabled":true,"_links":{"self":[{"href":"https:\/\/pop-co.fr\/index.php\/wp-json\/wp\/v2\/product\/11286"}],"collection":[{"href":"https:\/\/pop-co.fr\/index.php\/wp-json\/wp\/v2\/product"}],"about":[{"href":"https:\/\/pop-co.fr\/index.php\/wp-json\/wp\/v2\/types\/product"}],"replies":[{"embeddable":true,"href":"https:\/\/pop-co.fr\/index.php\/wp-json\/wp\/v2\/comments?post=11286"}],"version-history":[{"count":0,"href":"https:\/\/pop-co.fr\/index.php\/wp-json\/wp\/v2\/product\/11286\/revisions"}],"wp:featuredmedia":[{"embeddable":true,"href":"https:\/\/pop-co.fr\/index.php\/wp-json\/wp\/v2\/media\/282511"}],"wp:attachment":[{"href":"https:\/\/pop-co.fr\/index.php\/wp-json\/wp\/v2\/media?parent=11286"}],"wp:term":[{"taxonomy":"product_cat","embeddable":true,"href":"https:\/\/pop-co.fr\/index.php\/wp-json\/wp\/v2\/product_cat?post=11286"},{"taxonomy":"product_tag","embeddable":true,"href":"https:\/\/pop-co.fr\/index.php\/wp-json\/wp\/v2\/product_tag?post=11286"}],"curies":[{"name":"wp","href":"https:\/\/api.w.org\/{rel}","templated":true}]}}