{"id":11289,"date":"2024-02-20T21:16:11","date_gmt":"2024-02-20T20:16:11","guid":{"rendered":"https:\/\/pop-co.fr\/index.php\/product\/pez-marvel-personnage\/"},"modified":"2025-08-12T15:52:18","modified_gmt":"2025-08-12T13:52:18","slug":"pez-marvel-personnage","status":"publish","type":"product","link":"https:\/\/pop-co.fr\/index.php\/product\/pez-marvel-personnage\/","title":{"rendered":"PEZ &#8211; MARVEL &#8211; Personnage + 1 recharge"},"content":{"rendered":"<p>ACTUELLEMENT SANS LES BONBONS (DLC d\u00e9pass\u00e9e, donc seulement le support)<\/p>\n<p>D\u00e9couvrez ou red\u00e9couvrez les intemporels Bonbons PEZ, une combinaison unique de d\u00e9licieux bonbon au go\u00fbt de fruit et d\u2019un distributeur (ou jouet) amusant. Le conditionnement classique de la gamme PEZ avec un distributeur aux nombreuses licences pour enfant et deux recharges de d\u00e9licieux bonbons au go\u00fbt de fruits.<\/p>\n<p>Mod\u00e8le al\u00e9atoire<\/p>\n","protected":false},"excerpt":{"rendered":"<p>ACTUELLEMENT SANS LES BONBONS (DLC d\u00e9pass\u00e9e, donc seulement le support) D\u00e9couvrez ou red\u00e9couvrez les intemporels Bonbons PEZ, une combinaison unique de d\u00e9licieux bonbon au go\u00fbt de fruit et d\u2019un distributeur (ou jouet) amusant. Le conditionnement classique de la gamme PEZ avec un distributeur aux nombreuses licences pour enfant et deux recharges de d\u00e9licieux bonbons au [&hellip;]<\/p>\n","protected":false},"featured_media":357270,"comment_status":"open","ping_status":"closed","template":"","meta":[],"product_cat":[77],"product_tag":[],"aioseo_notices":[],"jetpack_sharing_enabled":true,"_links":{"self":[{"href":"https:\/\/pop-co.fr\/index.php\/wp-json\/wp\/v2\/product\/11289"}],"collection":[{"href":"https:\/\/pop-co.fr\/index.php\/wp-json\/wp\/v2\/product"}],"about":[{"href":"https:\/\/pop-co.fr\/index.php\/wp-json\/wp\/v2\/types\/product"}],"replies":[{"embeddable":true,"href":"https:\/\/pop-co.fr\/index.php\/wp-json\/wp\/v2\/comments?post=11289"}],"version-history":[{"count":1,"href":"https:\/\/pop-co.fr\/index.php\/wp-json\/wp\/v2\/product\/11289\/revisions"}],"predecessor-version":[{"id":355558,"href":"https:\/\/pop-co.fr\/index.php\/wp-json\/wp\/v2\/product\/11289\/revisions\/355558"}],"wp:featuredmedia":[{"embeddable":true,"href":"https:\/\/pop-co.fr\/index.php\/wp-json\/wp\/v2\/media\/357270"}],"wp:attachment":[{"href":"https:\/\/pop-co.fr\/index.php\/wp-json\/wp\/v2\/media?parent=11289"}],"wp:term":[{"taxonomy":"product_cat","embeddable":true,"href":"https:\/\/pop-co.fr\/index.php\/wp-json\/wp\/v2\/product_cat?post=11289"},{"taxonomy":"product_tag","embeddable":true,"href":"https:\/\/pop-co.fr\/index.php\/wp-json\/wp\/v2\/product_tag?post=11289"}],"curies":[{"name":"wp","href":"https:\/\/api.w.org\/{rel}","templated":true}]}}