{"id":11374,"date":"2024-02-20T21:18:08","date_gmt":"2024-02-20T20:18:08","guid":{"rendered":"https:\/\/pop-co.fr\/index.php\/product\/tote-bag-disney-100-mickey-mouse-forever\/"},"modified":"2025-09-12T14:07:45","modified_gmt":"2025-09-12T12:07:45","slug":"tote-bag-disney-100-mickey-mouse-forever","status":"publish","type":"product","link":"https:\/\/pop-co.fr\/index.php\/product\/tote-bag-disney-100-mickey-mouse-forever\/","title":{"rendered":"TOTE BAG &#8211; DISNEY 100 &#8211; Mickey Mouse forever"},"content":{"rendered":"<p>Description : Sac \u00e0 compartiment unique avec doublure int\u00e9rieure renforc\u00e9e + poche int\u00e9rieure avec fermeture \u00e9clair.            <\/p>\n<p>Mat\u00e9riau : Polyester r\u00e9sistant avec couture renforc\u00e9e                                         <\/p>\n<p>Dimensions hors sangles d&rsquo;\u00e9paule en cm : 40x33x1cm<\/p>\n","protected":false},"excerpt":{"rendered":"<p>Description : Sac \u00e0 compartiment unique avec doublure int\u00e9rieure renforc\u00e9e + poche int\u00e9rieure avec fermeture \u00e9clair. Mat\u00e9riau : Polyester r\u00e9sistant avec couture renforc\u00e9e Dimensions hors sangles d&rsquo;\u00e9paule en cm : 40x33x1cm<\/p>\n","protected":false},"featured_media":358403,"comment_status":"open","ping_status":"closed","template":"","meta":[],"product_cat":[70,47],"product_tag":[],"aioseo_notices":[],"jetpack_sharing_enabled":true,"_links":{"self":[{"href":"https:\/\/pop-co.fr\/index.php\/wp-json\/wp\/v2\/product\/11374"}],"collection":[{"href":"https:\/\/pop-co.fr\/index.php\/wp-json\/wp\/v2\/product"}],"about":[{"href":"https:\/\/pop-co.fr\/index.php\/wp-json\/wp\/v2\/types\/product"}],"replies":[{"embeddable":true,"href":"https:\/\/pop-co.fr\/index.php\/wp-json\/wp\/v2\/comments?post=11374"}],"version-history":[{"count":0,"href":"https:\/\/pop-co.fr\/index.php\/wp-json\/wp\/v2\/product\/11374\/revisions"}],"wp:featuredmedia":[{"embeddable":true,"href":"https:\/\/pop-co.fr\/index.php\/wp-json\/wp\/v2\/media\/358403"}],"wp:attachment":[{"href":"https:\/\/pop-co.fr\/index.php\/wp-json\/wp\/v2\/media?parent=11374"}],"wp:term":[{"taxonomy":"product_cat","embeddable":true,"href":"https:\/\/pop-co.fr\/index.php\/wp-json\/wp\/v2\/product_cat?post=11374"},{"taxonomy":"product_tag","embeddable":true,"href":"https:\/\/pop-co.fr\/index.php\/wp-json\/wp\/v2\/product_tag?post=11374"}],"curies":[{"name":"wp","href":"https:\/\/api.w.org\/{rel}","templated":true}]}}