{"id":11406,"date":"2024-02-20T21:18:59","date_gmt":"2024-02-20T20:18:59","guid":{"rendered":"https:\/\/pop-co.fr\/index.php\/product\/porte-cles-naruto-uchiha-sasuke-shippuden\/"},"modified":"2025-07-29T10:37:54","modified_gmt":"2025-07-29T08:37:54","slug":"porte-cles-naruto-uchiha-sasuke-shippuden","status":"publish","type":"product","link":"https:\/\/pop-co.fr\/index.php\/product\/porte-cles-naruto-uchiha-sasuke-shippuden\/","title":{"rendered":"PORTE CLES &#8211; NARUTO &#8211; Uchiha Sasuke (Shippuden)"},"content":{"rendered":"<p>Montrez votre amour pour votre ninja pr\u00e9f\u00e9r\u00e9, Sasuke, avec ce porte-cl\u00e9s Naruto unique. Le porte-cl\u00e9s et les anneaux sont en m\u00e9tal noir mat, tandis que la breloque repr\u00e9sentant un portrait de Sasuke est en caoutchouc moul\u00e9. Une breloque plus petite affiche le nom de Sasuke en texte japonais.<\/p>\n","protected":false},"excerpt":{"rendered":"<p>Montrez votre amour pour votre ninja pr\u00e9f\u00e9r\u00e9, Sasuke, avec ce porte-cl\u00e9s Naruto unique. Le porte-cl\u00e9s et les anneaux sont en m\u00e9tal noir mat, tandis que la breloque repr\u00e9sentant un portrait de Sasuke est en caoutchouc moul\u00e9. Une breloque plus petite affiche le nom de Sasuke en texte japonais.<\/p>\n","protected":false},"featured_media":355543,"comment_status":"open","ping_status":"closed","template":"","meta":[],"product_cat":[17,21],"product_tag":[],"aioseo_notices":[],"jetpack_sharing_enabled":true,"_links":{"self":[{"href":"https:\/\/pop-co.fr\/index.php\/wp-json\/wp\/v2\/product\/11406"}],"collection":[{"href":"https:\/\/pop-co.fr\/index.php\/wp-json\/wp\/v2\/product"}],"about":[{"href":"https:\/\/pop-co.fr\/index.php\/wp-json\/wp\/v2\/types\/product"}],"replies":[{"embeddable":true,"href":"https:\/\/pop-co.fr\/index.php\/wp-json\/wp\/v2\/comments?post=11406"}],"version-history":[{"count":0,"href":"https:\/\/pop-co.fr\/index.php\/wp-json\/wp\/v2\/product\/11406\/revisions"}],"wp:featuredmedia":[{"embeddable":true,"href":"https:\/\/pop-co.fr\/index.php\/wp-json\/wp\/v2\/media\/355543"}],"wp:attachment":[{"href":"https:\/\/pop-co.fr\/index.php\/wp-json\/wp\/v2\/media?parent=11406"}],"wp:term":[{"taxonomy":"product_cat","embeddable":true,"href":"https:\/\/pop-co.fr\/index.php\/wp-json\/wp\/v2\/product_cat?post=11406"},{"taxonomy":"product_tag","embeddable":true,"href":"https:\/\/pop-co.fr\/index.php\/wp-json\/wp\/v2\/product_tag?post=11406"}],"curies":[{"name":"wp","href":"https:\/\/api.w.org\/{rel}","templated":true}]}}