{"id":11426,"date":"2024-02-20T21:19:22","date_gmt":"2024-02-20T20:19:22","guid":{"rendered":"https:\/\/pop-co.fr\/index.php\/product\/haikyuu-tobio-kageyama-figurine-18cm\/"},"modified":"2025-07-29T10:37:49","modified_gmt":"2025-07-29T08:37:49","slug":"haikyuu-tobio-kageyama-figurine-18cm","status":"publish","type":"product","link":"https:\/\/pop-co.fr\/index.php\/product\/haikyuu-tobio-kageyama-figurine-18cm\/","title":{"rendered":"HAIKYUU &#8211; Tobio Kageyama &#8211; Figurine 18cm"},"content":{"rendered":"<p>Figurine 18cm<br \/>\nComposition : PVC<\/p>\n<p>Le \u00ab\u00a0G\u00e9nie du setter\u00a0\u00bb du Karasuno High School Volleyball Club<\/p>\n<p>POP UP PARADE est une nouvelle s\u00e9rie de figurines faciles \u00e0 collectionner avec des prix abordables et des sorties pr\u00e9vues quatre mois seulement apr\u00e8s le d\u00e9but des pr\u00e9commandes ! Chaque figurine mesure environ 17-18 cm de haut et la s\u00e9rie comprend une vaste s\u00e9lection de personnages issus de s\u00e9ries d&rsquo;anime et de jeux populaires, et bien d&rsquo;autres seront ajout\u00e9s prochainement !<\/p>\n<p>De l&rsquo;anime de volley-ball populaire \u00ab\u00a0HAIKYU !! TO THE TOP\u00a0\u00bb, voici une figurine POP UP PARADE de Tobio Kageyama, le \u00ab\u00a0passeur de g\u00e9nie\u00a0\u00bb du club de volley-ball du lyc\u00e9e Karasuno ! Ne manquez pas de l&rsquo;exposer avec la figurine POP UP PARADE Shoyo Hinata, \u00e9galement disponible en pr\u00e9commande d\u00e8s maintenant !<\/p>\n<p>Sculpteur : Design COCO<\/p>\n","protected":false},"excerpt":{"rendered":"<p>Figurine 18cm Composition : PVC Le \u00ab\u00a0G\u00e9nie du setter\u00a0\u00bb du Karasuno High School Volleyball Club POP UP PARADE est une nouvelle s\u00e9rie de figurines faciles \u00e0 collectionner avec des prix abordables et des sorties pr\u00e9vues quatre mois seulement apr\u00e8s le d\u00e9but des pr\u00e9commandes ! Chaque figurine mesure environ 17-18 cm de haut et la s\u00e9rie [&hellip;]<\/p>\n","protected":false},"featured_media":355536,"comment_status":"open","ping_status":"closed","template":"","meta":[],"product_cat":[17,18],"product_tag":[],"aioseo_notices":[],"jetpack_sharing_enabled":true,"_links":{"self":[{"href":"https:\/\/pop-co.fr\/index.php\/wp-json\/wp\/v2\/product\/11426"}],"collection":[{"href":"https:\/\/pop-co.fr\/index.php\/wp-json\/wp\/v2\/product"}],"about":[{"href":"https:\/\/pop-co.fr\/index.php\/wp-json\/wp\/v2\/types\/product"}],"replies":[{"embeddable":true,"href":"https:\/\/pop-co.fr\/index.php\/wp-json\/wp\/v2\/comments?post=11426"}],"version-history":[{"count":0,"href":"https:\/\/pop-co.fr\/index.php\/wp-json\/wp\/v2\/product\/11426\/revisions"}],"wp:featuredmedia":[{"embeddable":true,"href":"https:\/\/pop-co.fr\/index.php\/wp-json\/wp\/v2\/media\/355536"}],"wp:attachment":[{"href":"https:\/\/pop-co.fr\/index.php\/wp-json\/wp\/v2\/media?parent=11426"}],"wp:term":[{"taxonomy":"product_cat","embeddable":true,"href":"https:\/\/pop-co.fr\/index.php\/wp-json\/wp\/v2\/product_cat?post=11426"},{"taxonomy":"product_tag","embeddable":true,"href":"https:\/\/pop-co.fr\/index.php\/wp-json\/wp\/v2\/product_tag?post=11426"}],"curies":[{"name":"wp","href":"https:\/\/api.w.org\/{rel}","templated":true}]}}