{"id":11467,"date":"2024-02-20T21:20:02","date_gmt":"2024-02-20T20:20:02","guid":{"rendered":"https:\/\/pop-co.fr\/index.php\/product\/slime-rimuru-figurine-16cm\/"},"modified":"2025-07-29T10:37:35","modified_gmt":"2025-07-29T08:37:35","slug":"slime-rimuru-figurine-16cm","status":"publish","type":"product","link":"https:\/\/pop-co.fr\/index.php\/product\/slime-rimuru-figurine-16cm\/","title":{"rendered":"SLIME &#8211; Rimuru &#8211; Figurine 16cm"},"content":{"rendered":"<p>Figurine 16cm<br \/>\nComposition : PVC<\/p>\n<p>POP UP PARADE est une s\u00e9rie de figurines faciles \u00e0 collectionner avec des prix abordables et des sorties rapides ! Chaque figurine mesure g\u00e9n\u00e9ralement entre 17 et 18 cm de haut et la s\u00e9rie comprend une vaste s\u00e9lection de personnages issus de s\u00e9ries d&rsquo;anime et de jeux populaires, et de nombreux autres personnages seront bient\u00f4t ajout\u00e9s ! De \u00ab\u00a0That Time I Got Reincarnated as a Slime\u00a0\u00bb vient une figurine POP UP PARADE du personnage principal, Rimuru ! N&rsquo;oubliez pas d&rsquo;exposer Rimuru avec les autres figurines POP UP PARADE de \u00ab\u00a0That Time I Got Reincarnated as a Slime\u00a0\u00bb !<\/p>\n<p>Sculpteur : Magical Girl ? Haruyuki<br \/>\nDimension : 16cm<\/p>\n","protected":false},"excerpt":{"rendered":"<p>Figurine 16cm Composition : PVC POP UP PARADE est une s\u00e9rie de figurines faciles \u00e0 collectionner avec des prix abordables et des sorties rapides ! Chaque figurine mesure g\u00e9n\u00e9ralement entre 17 et 18 cm de haut et la s\u00e9rie comprend une vaste s\u00e9lection de personnages issus de s\u00e9ries d&rsquo;anime et de jeux populaires, et de [&hellip;]<\/p>\n","protected":false},"featured_media":355524,"comment_status":"open","ping_status":"closed","template":"","meta":[],"product_cat":[17,18],"product_tag":[],"aioseo_notices":[],"jetpack_sharing_enabled":true,"_links":{"self":[{"href":"https:\/\/pop-co.fr\/index.php\/wp-json\/wp\/v2\/product\/11467"}],"collection":[{"href":"https:\/\/pop-co.fr\/index.php\/wp-json\/wp\/v2\/product"}],"about":[{"href":"https:\/\/pop-co.fr\/index.php\/wp-json\/wp\/v2\/types\/product"}],"replies":[{"embeddable":true,"href":"https:\/\/pop-co.fr\/index.php\/wp-json\/wp\/v2\/comments?post=11467"}],"version-history":[{"count":0,"href":"https:\/\/pop-co.fr\/index.php\/wp-json\/wp\/v2\/product\/11467\/revisions"}],"wp:featuredmedia":[{"embeddable":true,"href":"https:\/\/pop-co.fr\/index.php\/wp-json\/wp\/v2\/media\/355524"}],"wp:attachment":[{"href":"https:\/\/pop-co.fr\/index.php\/wp-json\/wp\/v2\/media?parent=11467"}],"wp:term":[{"taxonomy":"product_cat","embeddable":true,"href":"https:\/\/pop-co.fr\/index.php\/wp-json\/wp\/v2\/product_cat?post=11467"},{"taxonomy":"product_tag","embeddable":true,"href":"https:\/\/pop-co.fr\/index.php\/wp-json\/wp\/v2\/product_tag?post=11467"}],"curies":[{"name":"wp","href":"https:\/\/api.w.org\/{rel}","templated":true}]}}