{"id":11514,"date":"2024-02-20T21:20:51","date_gmt":"2024-02-20T20:20:51","guid":{"rendered":"https:\/\/pop-co.fr\/index.php\/product\/figma-zelda-link-skyward-sword\/"},"modified":"2025-07-29T10:37:27","modified_gmt":"2025-07-29T08:37:27","slug":"figma-zelda-link-skyward-sword","status":"publish","type":"product","link":"https:\/\/pop-co.fr\/index.php\/product\/figma-zelda-link-skyward-sword\/","title":{"rendered":"FIGMA &#8211; ZELDA &#8211; Link (Skyward sword)"},"content":{"rendered":"<p>Le jeu populaire \u00ab\u00a0The Legend of Zelda : Skyward Sword\u00a0\u00bb nous offre une r\u00e9\u00e9dition de la figurine Link !<\/p>\n<p>&#8211; Gr\u00e2ce aux articulations souples et posables de figma, vous pouvez jouer une multitude de sc\u00e8nes diff\u00e9rentes.<br \/>\n&#8211; Un plastique flexible est utilis\u00e9 pour les zones importantes, permettant de conserver les proportions sans compromettre la posabilit\u00e9.<br \/>\n&#8211; Il est livr\u00e9 avec son expression galante standard, ainsi qu&rsquo;avec un visage criant de puissance pour les poses de combat.<br \/>\n&#8211; L&rsquo;\u00e9p\u00e9e de ma\u00eetre ainsi que le bouclier hylien sont tous deux inclus. Ils peuvent \u00e9galement \u00eatre port\u00e9s sur son dos comme dans le jeu.<br \/>\n&#8211; Un support de figma posable est inclus, ce qui permet de prendre diff\u00e9rentes poses.<\/p>\n<p>Sculpteur : Max Factory &#8211; Masaki Asai<br \/>\n&#8211; Figurine articul\u00e9e Figma 14cm<\/p>\n","protected":false},"excerpt":{"rendered":"<p>Le jeu populaire \u00ab\u00a0The Legend of Zelda : Skyward Sword\u00a0\u00bb nous offre une r\u00e9\u00e9dition de la figurine Link ! &#8211; Gr\u00e2ce aux articulations souples et posables de figma, vous pouvez jouer une multitude de sc\u00e8nes diff\u00e9rentes. &#8211; Un plastique flexible est utilis\u00e9 pour les zones importantes, permettant de conserver les proportions sans compromettre la posabilit\u00e9. [&hellip;]<\/p>\n","protected":false},"featured_media":355519,"comment_status":"open","ping_status":"closed","template":"","meta":[],"product_cat":[34,36],"product_tag":[],"aioseo_notices":[],"jetpack_sharing_enabled":true,"_links":{"self":[{"href":"https:\/\/pop-co.fr\/index.php\/wp-json\/wp\/v2\/product\/11514"}],"collection":[{"href":"https:\/\/pop-co.fr\/index.php\/wp-json\/wp\/v2\/product"}],"about":[{"href":"https:\/\/pop-co.fr\/index.php\/wp-json\/wp\/v2\/types\/product"}],"replies":[{"embeddable":true,"href":"https:\/\/pop-co.fr\/index.php\/wp-json\/wp\/v2\/comments?post=11514"}],"version-history":[{"count":0,"href":"https:\/\/pop-co.fr\/index.php\/wp-json\/wp\/v2\/product\/11514\/revisions"}],"wp:featuredmedia":[{"embeddable":true,"href":"https:\/\/pop-co.fr\/index.php\/wp-json\/wp\/v2\/media\/355519"}],"wp:attachment":[{"href":"https:\/\/pop-co.fr\/index.php\/wp-json\/wp\/v2\/media?parent=11514"}],"wp:term":[{"taxonomy":"product_cat","embeddable":true,"href":"https:\/\/pop-co.fr\/index.php\/wp-json\/wp\/v2\/product_cat?post=11514"},{"taxonomy":"product_tag","embeddable":true,"href":"https:\/\/pop-co.fr\/index.php\/wp-json\/wp\/v2\/product_tag?post=11514"}],"curies":[{"name":"wp","href":"https:\/\/api.w.org\/{rel}","templated":true}]}}