{"id":116534,"date":"2024-06-24T11:09:56","date_gmt":"2024-06-24T09:09:56","guid":{"rendered":"https:\/\/pop-co.fr\/index.php\/product\/sonny-angel-collection-birthday-gift-bear-figurine-mystere\/"},"modified":"2025-06-28T12:35:00","modified_gmt":"2025-06-28T10:35:00","slug":"sonny-angel-collection-birthday-gift-bear-figurine-mystere","status":"publish","type":"product","link":"https:\/\/pop-co.fr\/index.php\/product\/sonny-angel-collection-birthday-gift-bear-figurine-mystere\/","title":{"rendered":"SONNY ANGEL &#8211; Collection birthday gift bear &#8211; Figurine myst\u00e8re"},"content":{"rendered":"<p>*ATTENTION PRODUIT AL\u00c9ATOIRE NE POUVANT \u00caTRE RETOURN\u00c9*<br \/>\nx1 Figurine PVC 7-10cm<br \/>\nProduit limit\u00e9 \u00e0 1 bo\u00eete en ligne.<\/p>\n<p>D\u00e9couvrez la s\u00e9rie Birthday Gift Bear !<\/p>\n<p>Ces oursons assis serons la surprise id\u00e9al pour un anniversaire ou un simple cadeau ! <\/p>\n<p>Chaque bo\u00eete est surprise, vous pourrez ainsi d\u00e9couvrir le personnage qui s&rsquo;y cache \u00e0 l&rsquo;ouverture.<\/p>\n<p>Parmi ces six figurines, vous avez 1 chance sur 144 de trouver le myst\u00e9rieux \u00ab secret \u00bb ou le c\u00e9l\u00e8bre Robby.<\/p>\n","protected":false},"excerpt":{"rendered":"<p>*ATTENTION PRODUIT AL\u00c9ATOIRE NE POUVANT \u00caTRE RETOURN\u00c9* x1 Figurine PVC 7-10cm Produit limit\u00e9 \u00e0 1 bo\u00eete en ligne. D\u00e9couvrez la s\u00e9rie Birthday Gift Bear ! Ces oursons assis serons la surprise id\u00e9al pour un anniversaire ou un simple cadeau ! Chaque bo\u00eete est surprise, vous pourrez ainsi d\u00e9couvrir le personnage qui s&rsquo;y cache \u00e0 l&rsquo;ouverture. [&hellip;]<\/p>\n","protected":false},"featured_media":346636,"comment_status":"open","ping_status":"closed","template":"","meta":[],"product_cat":[39,67],"product_tag":[],"aioseo_notices":[],"jetpack_sharing_enabled":true,"_links":{"self":[{"href":"https:\/\/pop-co.fr\/index.php\/wp-json\/wp\/v2\/product\/116534"}],"collection":[{"href":"https:\/\/pop-co.fr\/index.php\/wp-json\/wp\/v2\/product"}],"about":[{"href":"https:\/\/pop-co.fr\/index.php\/wp-json\/wp\/v2\/types\/product"}],"replies":[{"embeddable":true,"href":"https:\/\/pop-co.fr\/index.php\/wp-json\/wp\/v2\/comments?post=116534"}],"version-history":[{"count":1,"href":"https:\/\/pop-co.fr\/index.php\/wp-json\/wp\/v2\/product\/116534\/revisions"}],"predecessor-version":[{"id":116656,"href":"https:\/\/pop-co.fr\/index.php\/wp-json\/wp\/v2\/product\/116534\/revisions\/116656"}],"wp:featuredmedia":[{"embeddable":true,"href":"https:\/\/pop-co.fr\/index.php\/wp-json\/wp\/v2\/media\/346636"}],"wp:attachment":[{"href":"https:\/\/pop-co.fr\/index.php\/wp-json\/wp\/v2\/media?parent=116534"}],"wp:term":[{"taxonomy":"product_cat","embeddable":true,"href":"https:\/\/pop-co.fr\/index.php\/wp-json\/wp\/v2\/product_cat?post=116534"},{"taxonomy":"product_tag","embeddable":true,"href":"https:\/\/pop-co.fr\/index.php\/wp-json\/wp\/v2\/product_tag?post=116534"}],"curies":[{"name":"wp","href":"https:\/\/api.w.org\/{rel}","templated":true}]}}