{"id":117583,"date":"2024-06-25T16:05:15","date_gmt":"2024-06-25T14:05:15","guid":{"rendered":"https:\/\/pop-co.fr\/index.php\/product\/haikyuu-pop-n1391-ryunosuke-tanaka-2\/"},"modified":"2025-08-11T18:17:00","modified_gmt":"2025-08-11T16:17:00","slug":"haikyuu-pop-n1391-ryunosuke-tanaka-2","status":"publish","type":"product","link":"https:\/\/pop-co.fr\/index.php\/product\/haikyuu-pop-n1391-ryunosuke-tanaka-2\/","title":{"rendered":"HAIKYUU &#8211; POP N\u00b01391 Ryunosuke Tanaka"},"content":{"rendered":"<p>Pr\u00e9parez-vous \u00e0 entrer dans le monde captivant de Haikyu ! avec la nouvelle gamme passionnante de Haikyu ! Pop ! Vinyl de Funko. Cette magnifique collection rend hommage au parcours remarquable de l&rsquo;\u00e9quipe de volley-ball du lyc\u00e9e Karasuno dans sa qu\u00eate de grandeur et capture parfaitement l&rsquo;esprit de l&rsquo;inoubliable s\u00e9rie anim\u00e9e.<\/p>\n<p>Rassemble ton \u00e9quipe de volley-ball et entre sur le terrain avec Ryunosuke Tanaka dans le r\u00f4le de l&rsquo;ailier !<\/p>\n","protected":false},"excerpt":{"rendered":"<p>Pr\u00e9parez-vous \u00e0 entrer dans le monde captivant de Haikyu ! avec la nouvelle gamme passionnante de Haikyu ! Pop ! Vinyl de Funko. Cette magnifique collection rend hommage au parcours remarquable de l&rsquo;\u00e9quipe de volley-ball du lyc\u00e9e Karasuno dans sa qu\u00eate de grandeur et capture parfaitement l&rsquo;esprit de l&rsquo;inoubliable s\u00e9rie anim\u00e9e. Rassemble ton \u00e9quipe de [&hellip;]<\/p>\n","protected":false},"featured_media":357259,"comment_status":"open","ping_status":"closed","template":"","meta":[],"product_cat":[18,17],"product_tag":[],"aioseo_notices":[],"jetpack_sharing_enabled":true,"_links":{"self":[{"href":"https:\/\/pop-co.fr\/index.php\/wp-json\/wp\/v2\/product\/117583"}],"collection":[{"href":"https:\/\/pop-co.fr\/index.php\/wp-json\/wp\/v2\/product"}],"about":[{"href":"https:\/\/pop-co.fr\/index.php\/wp-json\/wp\/v2\/types\/product"}],"replies":[{"embeddable":true,"href":"https:\/\/pop-co.fr\/index.php\/wp-json\/wp\/v2\/comments?post=117583"}],"version-history":[{"count":0,"href":"https:\/\/pop-co.fr\/index.php\/wp-json\/wp\/v2\/product\/117583\/revisions"}],"wp:featuredmedia":[{"embeddable":true,"href":"https:\/\/pop-co.fr\/index.php\/wp-json\/wp\/v2\/media\/357259"}],"wp:attachment":[{"href":"https:\/\/pop-co.fr\/index.php\/wp-json\/wp\/v2\/media?parent=117583"}],"wp:term":[{"taxonomy":"product_cat","embeddable":true,"href":"https:\/\/pop-co.fr\/index.php\/wp-json\/wp\/v2\/product_cat?post=117583"},{"taxonomy":"product_tag","embeddable":true,"href":"https:\/\/pop-co.fr\/index.php\/wp-json\/wp\/v2\/product_tag?post=117583"}],"curies":[{"name":"wp","href":"https:\/\/api.w.org\/{rel}","templated":true}]}}