{"id":11805,"date":"2024-02-20T21:29:03","date_gmt":"2024-02-20T20:29:03","guid":{"rendered":"https:\/\/pop-co.fr\/index.php\/product\/sac-a-dos-pokemon-pikachu-4\/"},"modified":"2025-06-28T15:05:59","modified_gmt":"2025-06-28T13:05:59","slug":"sac-a-dos-pokemon-pikachu-4","status":"publish","type":"product","link":"https:\/\/pop-co.fr\/index.php\/product\/sac-a-dos-pokemon-pikachu-4\/","title":{"rendered":"SAC A DOS &#8211; POKEMON &#8211; Pikachu"},"content":{"rendered":"<p>Ce mini-sac \u00e0 dos \u00e9l\u00e9gant est habill\u00e9 de votre personnage Pok\u00e9mon pr\u00e9f\u00e9r\u00e9, Pikachu. Il comporte une grande poche principale zipp\u00e9e, ainsi qu&rsquo;une poche frontale pratique, et des bretelles enti\u00e8rement r\u00e9glables. Il est \u00e9galement dot\u00e9 d&rsquo;une poign\u00e9e pratique sur le dessus. Il est \u00e0 la fois pratique et \u00e9l\u00e9gant avec son imprim\u00e9 graphique allover et ses d\u00e9tails en m\u00e9tal dor\u00e9.<\/p>\n<p>Composition : 80% PU &#8211; 20% Polyester<\/p>\n","protected":false},"excerpt":{"rendered":"<p>Ce mini-sac \u00e0 dos \u00e9l\u00e9gant est habill\u00e9 de votre personnage Pok\u00e9mon pr\u00e9f\u00e9r\u00e9, Pikachu. Il comporte une grande poche principale zipp\u00e9e, ainsi qu&rsquo;une poche frontale pratique, et des bretelles enti\u00e8rement r\u00e9glables. Il est \u00e9galement dot\u00e9 d&rsquo;une poign\u00e9e pratique sur le dessus. Il est \u00e0 la fois pratique et \u00e9l\u00e9gant avec son imprim\u00e9 graphique allover et ses [&hellip;]<\/p>\n","protected":false},"featured_media":260449,"comment_status":"open","ping_status":"closed","template":"","meta":[],"product_cat":[70,47],"product_tag":[],"aioseo_notices":[],"jetpack_sharing_enabled":true,"_links":{"self":[{"href":"https:\/\/pop-co.fr\/index.php\/wp-json\/wp\/v2\/product\/11805"}],"collection":[{"href":"https:\/\/pop-co.fr\/index.php\/wp-json\/wp\/v2\/product"}],"about":[{"href":"https:\/\/pop-co.fr\/index.php\/wp-json\/wp\/v2\/types\/product"}],"replies":[{"embeddable":true,"href":"https:\/\/pop-co.fr\/index.php\/wp-json\/wp\/v2\/comments?post=11805"}],"version-history":[{"count":0,"href":"https:\/\/pop-co.fr\/index.php\/wp-json\/wp\/v2\/product\/11805\/revisions"}],"wp:featuredmedia":[{"embeddable":true,"href":"https:\/\/pop-co.fr\/index.php\/wp-json\/wp\/v2\/media\/260449"}],"wp:attachment":[{"href":"https:\/\/pop-co.fr\/index.php\/wp-json\/wp\/v2\/media?parent=11805"}],"wp:term":[{"taxonomy":"product_cat","embeddable":true,"href":"https:\/\/pop-co.fr\/index.php\/wp-json\/wp\/v2\/product_cat?post=11805"},{"taxonomy":"product_tag","embeddable":true,"href":"https:\/\/pop-co.fr\/index.php\/wp-json\/wp\/v2\/product_tag?post=11805"}],"curies":[{"name":"wp","href":"https:\/\/api.w.org\/{rel}","templated":true}]}}