{"id":120086,"date":"2024-06-29T11:19:11","date_gmt":"2024-06-29T09:19:11","guid":{"rendered":"https:\/\/pop-co.fr\/index.php\/product\/sac-crossbuddies-loungefly-nickelodeon-les-razmoket-angelica\/"},"modified":"2025-07-29T12:00:09","modified_gmt":"2025-07-29T10:00:09","slug":"sac-crossbuddies-loungefly-nickelodeon-les-razmoket-angelica","status":"publish","type":"product","link":"https:\/\/pop-co.fr\/index.php\/product\/sac-crossbuddies-loungefly-nickelodeon-les-razmoket-angelica\/","title":{"rendered":"SAC CROSSBUDDIES LOUNGEFLY &#8211; NICKELODEON &#8211; Les Razmoket (Angelica)"},"content":{"rendered":"<p>\u00ab\u00a0\u00c9coutez bien, les b\u00e9b\u00e9s ! Ce bambin impertinent prend en charge votre garde-robe sous la forme d&rsquo;un sac cosplay CROSSBUDDIES\u2122. Entrez dans ses bonnes gr\u00e2ces, et elle pourrait m\u00eame partager ses biscuits bien-aim\u00e9s avec vous &#8211; il suffit d&rsquo;\u00e9changer le sac \u00e0 monnaie r\u00e9versible pour changer le design de Cynthia \u00e0 son encas de pr\u00e9dilection. Ce sac \u00e0 bandouli\u00e8re peut accueillir tous tes jouets pr\u00e9f\u00e9r\u00e9s et gardera tes affaires \u00e0 l&rsquo;abri de tous ceux qui se mettent en travers de ton chemin.<\/p>\n<p>Cuir v\u00e9g\u00e9talien (polyur\u00e9thane)<br \/>\nBandouli\u00e8re r\u00e9glable<br \/>\nFermeture \u00e0 glissi\u00e8re et \u00e0 boucle<br \/>\nSac \u00e0 monnaie r\u00e9versible (d\u00e9tachable)<br \/>\nAccessoires dor\u00e9s et brillants<br \/>\nD\u00e9tails appliqu\u00e9s, brod\u00e9s, paillet\u00e9s et imprim\u00e9s<br \/>\nDoublure int\u00e9rieure coordonn\u00e9e<br \/>\nDimensions : 15,2 cm de large x 10,1 cm de haut<br \/>\nCe sac est un produit Nickelodeon sous licence officielle.<\/p>\n","protected":false},"excerpt":{"rendered":"<p>\u00ab\u00a0\u00c9coutez bien, les b\u00e9b\u00e9s ! Ce bambin impertinent prend en charge votre garde-robe sous la forme d&rsquo;un sac cosplay CROSSBUDDIES\u2122. Entrez dans ses bonnes gr\u00e2ces, et elle pourrait m\u00eame partager ses biscuits bien-aim\u00e9s avec vous &#8211; il suffit d&rsquo;\u00e9changer le sac \u00e0 monnaie r\u00e9versible pour changer le design de Cynthia \u00e0 son encas de pr\u00e9dilection. [&hellip;]<\/p>\n","protected":false},"featured_media":356598,"comment_status":"open","ping_status":"closed","template":"","meta":[],"product_cat":[47,48],"product_tag":[],"aioseo_notices":[],"jetpack_sharing_enabled":true,"_links":{"self":[{"href":"https:\/\/pop-co.fr\/index.php\/wp-json\/wp\/v2\/product\/120086"}],"collection":[{"href":"https:\/\/pop-co.fr\/index.php\/wp-json\/wp\/v2\/product"}],"about":[{"href":"https:\/\/pop-co.fr\/index.php\/wp-json\/wp\/v2\/types\/product"}],"replies":[{"embeddable":true,"href":"https:\/\/pop-co.fr\/index.php\/wp-json\/wp\/v2\/comments?post=120086"}],"version-history":[{"count":0,"href":"https:\/\/pop-co.fr\/index.php\/wp-json\/wp\/v2\/product\/120086\/revisions"}],"wp:featuredmedia":[{"embeddable":true,"href":"https:\/\/pop-co.fr\/index.php\/wp-json\/wp\/v2\/media\/356598"}],"wp:attachment":[{"href":"https:\/\/pop-co.fr\/index.php\/wp-json\/wp\/v2\/media?parent=120086"}],"wp:term":[{"taxonomy":"product_cat","embeddable":true,"href":"https:\/\/pop-co.fr\/index.php\/wp-json\/wp\/v2\/product_cat?post=120086"},{"taxonomy":"product_tag","embeddable":true,"href":"https:\/\/pop-co.fr\/index.php\/wp-json\/wp\/v2\/product_tag?post=120086"}],"curies":[{"name":"wp","href":"https:\/\/api.w.org\/{rel}","templated":true}]}}